{"id":92,"date":"2012-05-14T04:29:14","date_gmt":"2012-05-14T04:29:14","guid":{"rendered":"http:\/\/www.paulus.com.br\/institucional\/?page_id=92"},"modified":"2025-09-04T15:33:04","modified_gmt":"2025-09-04T18:33:04","slug":"pia-sociedade-de-sao-paulo","status":"publish","type":"page","link":"https:\/\/www.paulus.com.br\/portal\/pia-sociedade-de-sao-paulo\/","title":{"rendered":"Pia Sociedade de S\u00e3o Paulo"},"content":{"rendered":"<div class=\"video-wrap\" style=\"margin-bottom: 20px\"><iframe loading=\"lazy\" src=\"https:\/\/www.youtube.com\/embed\/NJ83emDMLd0?si=NGq9O1ZpDq8pG1S3?rel=0\" width=\"100%\" height=\"456\" frameborder=\"0\"><span data-mce-type=\"bookmark\" style=\"display: inline-block; width: 0px; overflow: hidden; line-height: 0;\" class=\"mce_SELRES_start\">\ufeff<\/span><\/iframe><\/div>\n<p>A Pia Sociedade de S\u00e3o Paulo \u00e9 uma institui\u00e7\u00e3o religiosa cat\u00f3lica, fundada em 20 de agosto de 1914, em Alba, It\u00e1lia, pelo Beato Tiago Alberione. Desde sua origem, tem como miss\u00e3o comunicar ao mundo Jesus Mestre, Caminho, Verdade e Vida, por meio da Palavra de Deus e da cultura da comunica\u00e7\u00e3o, sob a inspira\u00e7\u00e3o do ap\u00f3stolo S\u00e3o Paulo.<\/p>\n<p>Fiel ao carisma de seu fundador, a miss\u00e3o paulina n\u00e3o se resume a utilizar linguagens e tecnologias novas, mas tamb\u00e9m a assumir o protagonismo no pensar a comunica\u00e7\u00e3o, contribuindo para que ela se torne sempre mais humana, solid\u00e1ria e transformadora \u00e0 luz do Evangelho.<\/p>\n<p>No Brasil, a hist\u00f3ria da Pia Sociedade de S\u00e3o Paulo come\u00e7ou em 20 de agosto de 1931, com a chegada dos primeiros padres mission\u00e1rios paulinos: Xavier Boano e Sebasti\u00e3o Trosso. O pa\u00eds foi o primeiro escolhido pelo Beato Alberione para a expans\u00e3o da miss\u00e3o paulina no mundo, e a cidade de S\u00e3o Paulo, que carrega o nome do Ap\u00f3stolo das Na\u00e7\u00f5es, foi o ponto de partida dessa obra evangelizadora.<\/p>\n<p>Foi assim que nasceu a PAULUS, cuja presen\u00e7a se concretiza por meio de diversas frentes de atua\u00e7\u00e3o:<\/p>\n<ul>\n<li style=\"font-size:16px\">PAULUS Editora.<\/li>\n<li style=\"font-size:16px\">Centro PAULUS de Produ\u00e7\u00e3o (Gr\u00e1fica).<\/li>\n<li style=\"font-size:16px\">Centro PAULUS de Distribui\u00e7\u00e3o (Log\u00edstica).<\/li>\n<li style=\"font-size:16px\">Rede PAULUS de Livrarias e Departamento de Vendas.<\/li>\n<li style=\"font-size:16px\">Faculdade PAULUS de Comunica\u00e7\u00e3o (FAPCOM).<\/li>\n<li style=\"font-size:16px\">PAULUS Social.<\/li>\n<\/ul>\n<p>Tudo isso com o \u00fanico prop\u00f3sito de \u201cfalar de tudo crist\u00e3mente\u201d, como nos orientou o Beato Alberione, fazendo da comunica\u00e7\u00e3o um caminho de evangeliza\u00e7\u00e3o de forma\u00e7\u00e3o integral do ser humano e de di\u00e1logo com o mundo.<\/p>\n<p><strong>Miss\u00e3o<\/strong><\/p>\n<p>Evangelizar e contribuir para a forma\u00e7\u00e3o integral do ser humano, inserida na cultura da comunica\u00e7\u00e3o, atrav\u00e9s da assist\u00eancia social, educacional, cultural e religiosa.<\/p>\n<p><strong>Vis\u00e3o<\/strong><\/p>\n<p>Ser uma institui\u00e7\u00e3o reconhecida pela comunica\u00e7\u00e3o para a evangeliza\u00e7\u00e3o, a forma\u00e7\u00e3o educacional, cultural, social e religiosa.<\/p>\n<p><strong>Valores<\/strong><\/p>\n<p>Os valores que norteiam a institui\u00e7\u00e3o se fundamentam nos princ\u00edpios crist\u00e3os expressos no modo de ser do ap\u00f3stolo Paulo, marcado por universalidade, respeito ao pr\u00f3ximo, di\u00e1logo com as culturas, \u00e9tica, justi\u00e7a e solidariedade.<\/p>\n<p><strong>Nosso C\u00f3digo de \u00c9tica<\/strong><\/p>\n<p>Baixe o PDF: <a href=\"https:\/\/www.paulus.com.br\/portal\/wp-content\/uploads\/2025\/09\/codigo_de_etica-1.pdf\">C\u00f3digo de \u00c9tica<\/a><\/p>\n","protected":false},"excerpt":{"rendered":"<p>\ufeff A Pia Sociedade de S\u00e3o Paulo \u00e9 uma institui\u00e7\u00e3o religiosa cat\u00f3lica, fundada em 20 de agosto de 1914, em Alba, It\u00e1lia, pelo Beato Tiago Alberione. Desde sua origem, tem como miss\u00e3o comunicar ao mundo Jesus Mestre, Caminho, Verdade e Vida, por meio da Palavra de Deus e da cultura da comunica\u00e7\u00e3o, sob a inspira\u00e7\u00e3o [&hellip;]<\/p>\n","protected":false},"author":57,"featured_media":0,"parent":0,"menu_order":0,"comment_status":"open","ping_status":"closed","template":"page-quemsomos.php","meta":{"_acf_changed":false,"footnotes":""},"class_list":["post-92","page","type-page","status-publish","hentry"],"acf":[],"aioseo_notices":[],"_links":{"self":[{"href":"https:\/\/www.paulus.com.br\/portal\/wp-json\/wp\/v2\/pages\/92","targetHints":{"allow":["GET"]}}],"collection":[{"href":"https:\/\/www.paulus.com.br\/portal\/wp-json\/wp\/v2\/pages"}],"about":[{"href":"https:\/\/www.paulus.com.br\/portal\/wp-json\/wp\/v2\/types\/page"}],"author":[{"embeddable":true,"href":"https:\/\/www.paulus.com.br\/portal\/wp-json\/wp\/v2\/users\/57"}],"replies":[{"embeddable":true,"href":"https:\/\/www.paulus.com.br\/portal\/wp-json\/wp\/v2\/comments?post=92"}],"version-history":[{"count":15,"href":"https:\/\/www.paulus.com.br\/portal\/wp-json\/wp\/v2\/pages\/92\/revisions"}],"predecessor-version":[{"id":75519,"href":"https:\/\/www.paulus.com.br\/portal\/wp-json\/wp\/v2\/pages\/92\/revisions\/75519"}],"wp:attachment":[{"href":"https:\/\/www.paulus.com.br\/portal\/wp-json\/wp\/v2\/media?parent=92"}],"curies":[{"name":"wp","href":"https:\/\/api.w.org\/{rel}","templated":true}]}}