{"id":50478,"date":"2020-03-20T15:56:45","date_gmt":"2020-03-20T18:56:45","guid":{"rendered":"https:\/\/www.paulus.com.br\/portal\/?page_id=50478"},"modified":"2020-03-30T10:43:09","modified_gmt":"2020-03-30T13:43:09","slug":"coronavirus","status":"publish","type":"page","link":"https:\/\/www.paulus.com.br\/portal\/coronavirus\/","title":{"rendered":"COMUNICADO: FUNCIONAMENTO ESPECIAL"},"content":{"rendered":"<p>Caros leitores da PAULUS,<\/p>\n<p>Gra\u00e7a e Paz!<\/p>\n<p>Devido ao contexto atual, a PAULUS informa que estamos nos esfor\u00e7ando continuamente para atend\u00ea-los da melhor forma poss\u00edvel e, ao mesmo tempo, preservar nossos colaboradores, prestadores de servi\u00e7os e a sociedade em geral da pandemia do novo coronav\u00edrus. Por isso, as rotinas de trabalho est\u00e3o alteradas:<\/p>\n<ul>\n<li style=\"font-size: 16px; line-height: 1.6em;\">Desde o dia 19 de mar\u00e7o, nosso departamento de Tecnologia da Informa\u00e7\u00e3o d\u00e1 suporte aos colaboradores para que possam trabalhar em suas casas. Inclusive SAC e Televendas j\u00e1 podem atender liga\u00e7\u00f5es, embora haja oscila\u00e7\u00f5es nesse funcionamento remoto. Por isso, caso em algum momento n\u00e3o consigam contato por telefone, escrevam-nos por <em>e-mail<\/em> ou WhatsApp.<\/li>\n<li style=\"font-size: 16px; line-height: 1.6em;\">Alguns atendimentos mais requisitados e que est\u00e3o funcionando, por\u00e9m com oscila\u00e7\u00f5es e dificuldades:<\/li>\n<\/ul>\n<ul>\n<li style=\"list-style-type: none;\">\n<ul>\n<li style=\"font-size: 16px; line-height: 0.8em;\"><strong>SAC<\/strong>: (11) 3789-4000 | <a href=\"mailto:sac@paulus.com.br\">sac@paulus.com.br<\/a><\/li>\n<li style=\"font-size: 16px; line-height: 0.8em;\"><strong>Financeiro:<\/strong>(11) 5087-3600 | 0800-164011 <a href=\"mailto:financeiro@paulus.com.br\">financeiro@paulus.com.br<\/a><\/li>\n<li style=\"font-size: 16px; line-height: 0.8em;\"><strong>Assinaturas:<\/strong> (11) 3789-4000 | 0800-164011| <a href=\"mailto:assinaturas@paulus.com.br\">assinaturas@paulus.com.br<\/a><\/li>\n<li style=\"font-size: 16px; line-height: 0.8em;\"><strong>Televendas:<\/strong> (11) 3789-4000 | 0800-164011 | <a href=\"mailto:vendas@paulus.com.br\">vendas@paulus.com.br<\/a><\/li>\n<\/ul>\n<\/li>\n<\/ul>\n<ul>\n<li style=\"font-size: 16px; line-height: 1.6em;\">Todos os eventos organizados pela PAULUS, bem como a sua participa\u00e7\u00e3o em eventos de organiza\u00e7\u00e3o externa, est\u00e3o suspensos e demais informa\u00e7\u00f5es ser\u00e3o dadas posteriormente;<\/li>\n<\/ul>\n<ul>\n<li style=\"font-size: 16px; line-height: 1.6em;\">Em caso de compras nas lojas f\u00edsicas, para evitar o deslocamento, elas poder\u00e3o ser realizadas via WhatsApp ou telefone, e a entrega poder\u00e1 ser solicitada conforme valores pr\u00e9-estabelecidos;<\/li>\n<\/ul>\n<ul>\n<li style=\"font-size: 16px; line-height: 1.6em;\">A equipe de log\u00edstica foi reduzida por precau\u00e7\u00f5es de sa\u00fade. Em fun\u00e7\u00e3o disso e das altera\u00e7\u00f5es pelas quais passam Correios, transportadoras e diversas fronteiras entre estados, alguns procedimentos de entrega tamb\u00e9m foram alterados:<\/li>\n<\/ul>\n<ul>\n<li style=\"list-style-type: none;\">\n<ul>\n<li style=\"font-size: 16px; line-height: 1.6em;\">Os Correios operam normalmente, mas os prazos de entrega podem sofrer acr\u00e9scimo de at\u00e9 5 dias;<\/li>\n<\/ul>\n<\/li>\n<\/ul>\n<ul>\n<li style=\"list-style-type: none;\">\n<ul>\n<li style=\"font-size: 16px; line-height: 1.6em;\">As transportadoras informaram que, nos casos em que houver insucesso de entrega, n\u00e3o realizar\u00e3o uma nova tentativa; as notas e seus respectivos volumes ser\u00e3o automaticamente devolvidos aos remetentes;<\/li>\n<\/ul>\n<\/li>\n<\/ul>\n<ul>\n<li style=\"list-style-type: none;\">\n<ul>\n<li style=\"font-size: 16px; line-height: 1.6em;\">J\u00e1 h\u00e1 transportadoras cancelando suas coletas di\u00e1rias a fim de evitar ac\u00famulos, pois ir\u00e3o trabalhar com a prioriza\u00e7\u00e3o dos servi\u00e7os b\u00e1sicos de higiene, alimenta\u00e7\u00e3o e outros, considerados essenciais;<\/li>\n<\/ul>\n<\/li>\n<\/ul>\n<ul>\n<li style=\"list-style-type: none;\">\n<ul>\n<li style=\"font-size: 16px; line-height: 1.6em;\">Pedidos j\u00e1 feitos, ou que venham a ser realizados, cuja entrega seja invi\u00e1vel, permanecer\u00e3o registrados para serem entregues oportunamente;<\/li>\n<\/ul>\n<\/li>\n<\/ul>\n<ul>\n<li style=\"list-style-type: none;\">\n<ul>\n<li style=\"font-size: 16px; line-height: 1.6em;\">No caso de peri\u00f3dicos lit\u00fargicos e outros peri\u00f3dicos da PAULUS, estamos tomando algumas provid\u00eancias para amenizar os impactos negativos em nossa opera\u00e7\u00e3o. A maior parte dos peri\u00f3dicos lit\u00fargicos para uso at\u00e9 o m\u00eas de junho j\u00e1 est\u00e1 entregue. Estamos nos esfor\u00e7ando para entregar o restante.<\/li>\n<\/ul>\n<\/li>\n<\/ul>\n<p>Comunicaremos poss\u00edveis mudan\u00e7as que ocorram durante os pr\u00f3ximos dias atualizando este comunicado.<\/p>\n<p>Continuamos em sintonia e ora\u00e7\u00e3o para que o Brasil e a humanidade consigam superar rapidamente esta pandemia.<\/p>\n<p>Fraternalmente,<br \/>\nPAULUS Editora<\/p>\n<div id=\"gtx-trans\" style=\"position: absolute; left: 457px; top: 744px;\">\n<div class=\"gtx-trans-icon\"><\/div>\n<\/div>\n","protected":false},"excerpt":{"rendered":"<p>Caros leitores da PAULUS, Gra\u00e7a e Paz! Devido ao contexto atual, a PAULUS informa que estamos nos esfor\u00e7ando continuamente para atend\u00ea-los da melhor forma poss\u00edvel e, ao mesmo tempo, preservar nossos colaboradores, prestadores de servi\u00e7os e a sociedade em geral da pandemia do novo coronav\u00edrus. Por isso, as rotinas de trabalho est\u00e3o alteradas: Desde o [&hellip;]<\/p>\n","protected":false},"author":22,"featured_media":0,"parent":0,"menu_order":0,"comment_status":"closed","ping_status":"closed","template":"","meta":{"_acf_changed":false,"footnotes":""},"class_list":["post-50478","page","type-page","status-publish","hentry"],"acf":[],"aioseo_notices":[],"_links":{"self":[{"href":"https:\/\/www.paulus.com.br\/portal\/wp-json\/wp\/v2\/pages\/50478","targetHints":{"allow":["GET"]}}],"collection":[{"href":"https:\/\/www.paulus.com.br\/portal\/wp-json\/wp\/v2\/pages"}],"about":[{"href":"https:\/\/www.paulus.com.br\/portal\/wp-json\/wp\/v2\/types\/page"}],"author":[{"embeddable":true,"href":"https:\/\/www.paulus.com.br\/portal\/wp-json\/wp\/v2\/users\/22"}],"replies":[{"embeddable":true,"href":"https:\/\/www.paulus.com.br\/portal\/wp-json\/wp\/v2\/comments?post=50478"}],"version-history":[{"count":18,"href":"https:\/\/www.paulus.com.br\/portal\/wp-json\/wp\/v2\/pages\/50478\/revisions"}],"predecessor-version":[{"id":50632,"href":"https:\/\/www.paulus.com.br\/portal\/wp-json\/wp\/v2\/pages\/50478\/revisions\/50632"}],"wp:attachment":[{"href":"https:\/\/www.paulus.com.br\/portal\/wp-json\/wp\/v2\/media?parent=50478"}],"curies":[{"name":"wp","href":"https:\/\/api.w.org\/{rel}","templated":true}]}}