{"id":47902,"date":"2019-08-23T09:58:12","date_gmt":"2019-08-23T12:58:12","guid":{"rendered":"https:\/\/www.paulus.com.br\/portal\/?page_id=47902"},"modified":"2019-08-23T09:58:12","modified_gmt":"2019-08-23T12:58:12","slug":"livrarias-paulus-celebram-os-105-anos-da-pia-sociedade-de-sao-paulo","status":"publish","type":"page","link":"https:\/\/www.paulus.com.br\/portal\/livrarias-paulus-celebram-os-105-anos-da-pia-sociedade-de-sao-paulo\/","title":{"rendered":"Livrarias PAULUS celebram os 105 anos da PIA Sociedade de S\u00e3o Paulo"},"content":{"rendered":"<p><a href=\"https:\/\/www.paulus.com.br\/portal\/wp-content\/uploads\/2019\/08\/Vila-Mariana3.jpg\"><img loading=\"lazy\" decoding=\"async\" class=\"alignnone size-full wp-image-47800\" src=\"https:\/\/www.paulus.com.br\/portal\/wp-content\/uploads\/2019\/08\/Vila-Mariana3.jpg\" alt=\"\" width=\"750\" height=\"449\" srcset=\"https:\/\/www.paulus.com.br\/portal\/wp-content\/uploads\/2019\/08\/Vila-Mariana3.jpg 750w, https:\/\/www.paulus.com.br\/portal\/wp-content\/uploads\/2019\/08\/Vila-Mariana3-300x180.jpg 300w, https:\/\/www.paulus.com.br\/portal\/wp-content\/uploads\/2019\/08\/Vila-Mariana3-120x72.jpg 120w, https:\/\/www.paulus.com.br\/portal\/wp-content\/uploads\/2019\/08\/Vila-Mariana3-90x54.jpg 90w, https:\/\/www.paulus.com.br\/portal\/wp-content\/uploads\/2019\/08\/Vila-Mariana3-180x108.jpg 180w\" sizes=\"auto, (max-width: 750px) 100vw, 750px\" \/><\/a><\/p>\n<p>Em comemora\u00e7\u00e3o aos 105 anos da funda\u00e7\u00e3o da PAULUS, sua rede de livrarias realizou, no dia 20 de agosto, o Dia PAULUS, que consiste em diversas a\u00e7\u00f5es, forma\u00e7\u00f5es e celebra\u00e7\u00f5es para fazer mem\u00f3ria desta data t\u00e3o importante para a institui\u00e7\u00e3o.<\/p>\n<p>Promovido anualmente, o evento reafirma o compromisso das livrarias PAULUS com as pessoas, constituindo um espa\u00e7o de evangeliza\u00e7\u00e3o e cultura. Para tanto, os clientes s\u00e3o convidados a celebrar, debater temas pertinentes e participar de uma Missa em A\u00e7\u00e3o de Gra\u00e7as, estreitando la\u00e7os com a fam\u00edlia e a comunidade.<\/p>\n","protected":false},"excerpt":{"rendered":"<p>Em comemora\u00e7\u00e3o aos 105 anos da funda\u00e7\u00e3o da PAULUS, sua rede de livrarias realizou, no dia 20 de agosto, o Dia PAULUS, que consiste em diversas a\u00e7\u00f5es, forma\u00e7\u00f5es e celebra\u00e7\u00f5es para fazer mem\u00f3ria desta data t\u00e3o importante para a institui\u00e7\u00e3o. Promovido anualmente, o evento reafirma o compromisso das livrarias PAULUS com as pessoas, constituindo um [&hellip;]<\/p>\n","protected":false},"author":3,"featured_media":47887,"parent":0,"menu_order":0,"comment_status":"closed","ping_status":"closed","template":"","meta":{"_acf_changed":false,"footnotes":""},"class_list":["post-47902","page","type-page","status-publish","has-post-thumbnail","hentry"],"acf":[],"aioseo_notices":[],"_links":{"self":[{"href":"https:\/\/www.paulus.com.br\/portal\/wp-json\/wp\/v2\/pages\/47902","targetHints":{"allow":["GET"]}}],"collection":[{"href":"https:\/\/www.paulus.com.br\/portal\/wp-json\/wp\/v2\/pages"}],"about":[{"href":"https:\/\/www.paulus.com.br\/portal\/wp-json\/wp\/v2\/types\/page"}],"author":[{"embeddable":true,"href":"https:\/\/www.paulus.com.br\/portal\/wp-json\/wp\/v2\/users\/3"}],"replies":[{"embeddable":true,"href":"https:\/\/www.paulus.com.br\/portal\/wp-json\/wp\/v2\/comments?post=47902"}],"version-history":[{"count":1,"href":"https:\/\/www.paulus.com.br\/portal\/wp-json\/wp\/v2\/pages\/47902\/revisions"}],"predecessor-version":[{"id":47903,"href":"https:\/\/www.paulus.com.br\/portal\/wp-json\/wp\/v2\/pages\/47902\/revisions\/47903"}],"wp:featuredmedia":[{"embeddable":true,"href":"https:\/\/www.paulus.com.br\/portal\/wp-json\/wp\/v2\/media\/47887"}],"wp:attachment":[{"href":"https:\/\/www.paulus.com.br\/portal\/wp-json\/wp\/v2\/media?parent=47902"}],"curies":[{"name":"wp","href":"https:\/\/api.w.org\/{rel}","templated":true}]}}