{"id":36299,"date":"2017-07-03T10:43:52","date_gmt":"2017-07-03T13:43:52","guid":{"rendered":"https:\/\/www.paulus.com.br\/portal\/?page_id=36299"},"modified":"2017-07-03T10:44:10","modified_gmt":"2017-07-03T13:44:10","slug":"confira-as-dicas-de-leitura-que-a-paulus-selecionou-para-as-ferias-da-criancada","status":"publish","type":"page","link":"https:\/\/www.paulus.com.br\/portal\/confira-as-dicas-de-leitura-que-a-paulus-selecionou-para-as-ferias-da-criancada\/","title":{"rendered":"Confira as dicas de leitura que a PAULUS selecionou para as f\u00e9rias da crian\u00e7ada"},"content":{"rendered":"<p>F\u00e9rias! \u00c9 chegada a hora t\u00e3o esperada pelos pequenos e, neste momento, os pais e\/ou cuidadores buscam alternativas para entreter e divertir a garotada. Que tal incentivar a crian\u00e7a ou o jovem a fazer um passeio para al\u00e9m da imagina\u00e7\u00e3o? Afinal, os livros naturalmente divertem, trabalham o imagin\u00e1rio, enriquecem o vocabul\u00e1rio e provocam rea\u00e7\u00f5es inesperadas em leitores de todas as idades. Pensando nisso, a PAULUS Editora selecionou alguns t\u00edtulos para tornar as f\u00e9rias da crian\u00e7ada muito mais divertidas. Confira!<\/p>\n","protected":false},"excerpt":{"rendered":"<p>F\u00e9rias! \u00c9 chegada a hora t\u00e3o esperada pelos pequenos e, neste momento, os pais e\/ou cuidadores buscam alternativas para entreter e divertir a garotada. Que tal incentivar a crian\u00e7a ou o jovem a fazer um passeio para al\u00e9m da imagina\u00e7\u00e3o? Afinal, os livros naturalmente divertem, trabalham o imagin\u00e1rio, enriquecem o vocabul\u00e1rio e provocam rea\u00e7\u00f5es inesperadas [&hellip;]<\/p>\n","protected":false},"author":3,"featured_media":0,"parent":0,"menu_order":0,"comment_status":"closed","ping_status":"closed","template":"","meta":{"_acf_changed":false,"footnotes":""},"class_list":["post-36299","page","type-page","status-publish","hentry"],"acf":[],"aioseo_notices":[],"_links":{"self":[{"href":"https:\/\/www.paulus.com.br\/portal\/wp-json\/wp\/v2\/pages\/36299","targetHints":{"allow":["GET"]}}],"collection":[{"href":"https:\/\/www.paulus.com.br\/portal\/wp-json\/wp\/v2\/pages"}],"about":[{"href":"https:\/\/www.paulus.com.br\/portal\/wp-json\/wp\/v2\/types\/page"}],"author":[{"embeddable":true,"href":"https:\/\/www.paulus.com.br\/portal\/wp-json\/wp\/v2\/users\/3"}],"replies":[{"embeddable":true,"href":"https:\/\/www.paulus.com.br\/portal\/wp-json\/wp\/v2\/comments?post=36299"}],"version-history":[{"count":1,"href":"https:\/\/www.paulus.com.br\/portal\/wp-json\/wp\/v2\/pages\/36299\/revisions"}],"predecessor-version":[{"id":36300,"href":"https:\/\/www.paulus.com.br\/portal\/wp-json\/wp\/v2\/pages\/36299\/revisions\/36300"}],"wp:attachment":[{"href":"https:\/\/www.paulus.com.br\/portal\/wp-json\/wp\/v2\/media?parent=36299"}],"curies":[{"name":"wp","href":"https:\/\/api.w.org\/{rel}","templated":true}]}}