{"id":27479,"date":"2016-03-31T16:57:30","date_gmt":"2016-03-31T19:57:30","guid":{"rendered":"http:\/\/www.paulus.com.br\/portal\/?page_id=27479"},"modified":"2016-03-31T16:57:30","modified_gmt":"2016-03-31T19:57:30","slug":"paulus-editora-lanca-a-biblia-de-veneza-no-museu-de-arte-sacra-em-sp","status":"publish","type":"page","link":"https:\/\/www.paulus.com.br\/portal\/paulus-editora-lanca-a-biblia-de-veneza-no-museu-de-arte-sacra-em-sp\/","title":{"rendered":"PAULUS Editora lan\u00e7a a B\u00edblia de Veneza no Museu de Arte Sacra em SP"},"content":{"rendered":"<p><img loading=\"lazy\" decoding=\"async\" class=\"aligncenter size-full wp-image-27367\" src=\"http:\/\/www.paulus.com.br\/portal\/wp-content\/uploads\/2016\/03\/B\u00edblia-de-Veneza.jpg\" alt=\"B\u00edblia de Veneza\" width=\"750\" height=\"350\" srcset=\"https:\/\/www.paulus.com.br\/portal\/wp-content\/uploads\/2016\/03\/B\u00edblia-de-Veneza.jpg 750w, https:\/\/www.paulus.com.br\/portal\/wp-content\/uploads\/2016\/03\/B\u00edblia-de-Veneza-300x140.jpg 300w, https:\/\/www.paulus.com.br\/portal\/wp-content\/uploads\/2016\/03\/B\u00edblia-de-Veneza-120x56.jpg 120w, https:\/\/www.paulus.com.br\/portal\/wp-content\/uploads\/2016\/03\/B\u00edblia-de-Veneza-90x42.jpg 90w, https:\/\/www.paulus.com.br\/portal\/wp-content\/uploads\/2016\/03\/B\u00edblia-de-Veneza-180x84.jpg 180w\" sizes=\"auto, (max-width: 750px) 100vw, 750px\" \/><\/p>\n<p style=\"text-align: justify;\">No pr\u00f3ximo dia 06 de abril, a partir das 19h, a PAULUS Editora e o Museu de Arte Sacra de S\u00e3o Paulo promovem o lan\u00e7amento da <strong>B\u00edblia de Veneza \u2013 Novo Testamento.<\/strong> A novidade editorial, que impressiona por sua delicadeza, singularidade e beleza, \u00e9 um exemplo vivo da uni\u00e3o entre a arte e a f\u00e9.<\/p>\n<p style=\"text-align: justify;\">O evento acontece no bairro da Luz, em um dos pontos tur\u00edsticos mais conhecidos e tradicionais da cidade: o Museu de Arte Sacra de S\u00e3o Paulo, ligado \u00e0 Secretaria de Cultura e ao Governo do Estado. O renomado especialista em arte sacra Cl\u00e1udio Pastro estar\u00e1 presente na ocasi\u00e3o para explicar o significado dos mosaicos da obra.<\/p>\n","protected":false},"excerpt":{"rendered":"<p>No pr\u00f3ximo dia 06 de abril, a partir das 19h, a PAULUS Editora e o Museu de Arte Sacra de S\u00e3o Paulo promovem o lan\u00e7amento da B\u00edblia de Veneza \u2013 Novo Testamento. A novidade editorial, que impressiona por sua delicadeza, singularidade e beleza, \u00e9 um exemplo vivo da uni\u00e3o entre a arte e a f\u00e9. [&hellip;]<\/p>\n","protected":false},"author":3,"featured_media":0,"parent":0,"menu_order":0,"comment_status":"closed","ping_status":"closed","template":"","meta":{"_acf_changed":false,"footnotes":""},"class_list":["post-27479","page","type-page","status-publish","hentry"],"acf":[],"aioseo_notices":[],"_links":{"self":[{"href":"https:\/\/www.paulus.com.br\/portal\/wp-json\/wp\/v2\/pages\/27479","targetHints":{"allow":["GET"]}}],"collection":[{"href":"https:\/\/www.paulus.com.br\/portal\/wp-json\/wp\/v2\/pages"}],"about":[{"href":"https:\/\/www.paulus.com.br\/portal\/wp-json\/wp\/v2\/types\/page"}],"author":[{"embeddable":true,"href":"https:\/\/www.paulus.com.br\/portal\/wp-json\/wp\/v2\/users\/3"}],"replies":[{"embeddable":true,"href":"https:\/\/www.paulus.com.br\/portal\/wp-json\/wp\/v2\/comments?post=27479"}],"version-history":[{"count":1,"href":"https:\/\/www.paulus.com.br\/portal\/wp-json\/wp\/v2\/pages\/27479\/revisions"}],"predecessor-version":[{"id":27480,"href":"https:\/\/www.paulus.com.br\/portal\/wp-json\/wp\/v2\/pages\/27479\/revisions\/27480"}],"wp:attachment":[{"href":"https:\/\/www.paulus.com.br\/portal\/wp-json\/wp\/v2\/media?parent=27479"}],"curies":[{"name":"wp","href":"https:\/\/api.w.org\/{rel}","templated":true}]}}