{"id":20798,"date":"2015-02-25T09:52:36","date_gmt":"2015-02-25T12:52:36","guid":{"rendered":"http:\/\/www.paulus.com.br\/portal\/?page_id=20798"},"modified":"2015-02-25T09:52:36","modified_gmt":"2015-02-25T12:52:36","slug":"paulus-lanca-estrategias-do-olhar-fotografico","status":"publish","type":"page","link":"https:\/\/www.paulus.com.br\/portal\/paulus-lanca-estrategias-do-olhar-fotografico\/","title":{"rendered":"PAULUS lan\u00e7a Estrat\u00e9gias do olhar fotogr\u00e1fico"},"content":{"rendered":"<p><img loading=\"lazy\" decoding=\"async\" class=\"aligncenter  wp-image-20793\" src=\"http:\/\/www.paulus.com.br\/portal\/wp-content\/uploads\/2015\/02\/Estrat\u00e9gias.jpg\" alt=\"Estrat\u00e9gias\" width=\"765\" height=\"357\" srcset=\"https:\/\/www.paulus.com.br\/portal\/wp-content\/uploads\/2015\/02\/Estrat\u00e9gias.jpg 750w, https:\/\/www.paulus.com.br\/portal\/wp-content\/uploads\/2015\/02\/Estrat\u00e9gias-300x140.jpg 300w, https:\/\/www.paulus.com.br\/portal\/wp-content\/uploads\/2015\/02\/Estrat\u00e9gias-120x56.jpg 120w, https:\/\/www.paulus.com.br\/portal\/wp-content\/uploads\/2015\/02\/Estrat\u00e9gias-90x42.jpg 90w, https:\/\/www.paulus.com.br\/portal\/wp-content\/uploads\/2015\/02\/Estrat\u00e9gias-180x84.jpg 180w\" sizes=\"auto, (max-width: 765px) 100vw, 765px\" \/><\/p>\n<p style=\"text-align: center;\">O livro aborda a linguagem visual e estrat\u00e9gias para um novo olhar sobre a linguagem fotogr\u00e1fica.<\/p>\n<p>A obra <strong><em>Estrat\u00e9gias do olhar fotogr\u00e1fico \u2013 Teoria e pr\u00e1tica da linguagem visual,<\/em><\/strong> de autoria de<em> Adriano<\/em> <em>Miranda<\/em>, ser\u00e1 lan\u00e7ada no pr\u00f3ximo dia 02 de mar\u00e7o, na FAPCOM \u2013 Faculdade Paulus de Tecnologia e Comunica\u00e7\u00e3o, na Vila Mariana em S\u00e3o Paulo.<\/p>\n","protected":false},"excerpt":{"rendered":"<p>O livro aborda a linguagem visual e estrat\u00e9gias para um novo olhar sobre a linguagem fotogr\u00e1fica. A obra Estrat\u00e9gias do olhar fotogr\u00e1fico \u2013 Teoria e pr\u00e1tica da linguagem visual, de autoria de Adriano Miranda, ser\u00e1 lan\u00e7ada no pr\u00f3ximo dia 02 de mar\u00e7o, na FAPCOM \u2013 Faculdade Paulus de Tecnologia e Comunica\u00e7\u00e3o, na Vila Mariana em [&hellip;]<\/p>\n","protected":false},"author":3,"featured_media":0,"parent":0,"menu_order":0,"comment_status":"open","ping_status":"open","template":"","meta":{"_acf_changed":false,"footnotes":""},"class_list":["post-20798","page","type-page","status-publish","hentry"],"acf":[],"aioseo_notices":[],"_links":{"self":[{"href":"https:\/\/www.paulus.com.br\/portal\/wp-json\/wp\/v2\/pages\/20798","targetHints":{"allow":["GET"]}}],"collection":[{"href":"https:\/\/www.paulus.com.br\/portal\/wp-json\/wp\/v2\/pages"}],"about":[{"href":"https:\/\/www.paulus.com.br\/portal\/wp-json\/wp\/v2\/types\/page"}],"author":[{"embeddable":true,"href":"https:\/\/www.paulus.com.br\/portal\/wp-json\/wp\/v2\/users\/3"}],"replies":[{"embeddable":true,"href":"https:\/\/www.paulus.com.br\/portal\/wp-json\/wp\/v2\/comments?post=20798"}],"version-history":[{"count":1,"href":"https:\/\/www.paulus.com.br\/portal\/wp-json\/wp\/v2\/pages\/20798\/revisions"}],"predecessor-version":[{"id":20799,"href":"https:\/\/www.paulus.com.br\/portal\/wp-json\/wp\/v2\/pages\/20798\/revisions\/20799"}],"wp:attachment":[{"href":"https:\/\/www.paulus.com.br\/portal\/wp-json\/wp\/v2\/media?parent=20798"}],"curies":[{"name":"wp","href":"https:\/\/api.w.org\/{rel}","templated":true}]}}