{"id":18896,"date":"2014-10-22T14:42:11","date_gmt":"2014-10-22T16:42:11","guid":{"rendered":"http:\/\/www.paulus.com.br\/portal\/?page_id=18896"},"modified":"2018-12-21T13:51:31","modified_gmt":"2018-12-21T15:51:31","slug":"autor-da-paulus-participa-de-eventos-em-natal-rn","status":"publish","type":"page","link":"https:\/\/www.paulus.com.br\/portal\/autor-da-paulus-participa-de-eventos-em-natal-rn\/","title":{"rendered":"Autor da PAULUS participa de eventos em Natal (RN)"},"content":{"rendered":"<p style=\"text-align: justify;\">O professor da Escola de Comunica\u00e7\u00f5es e Artes da Universidade de S\u00e3o Paulo (ECA-USP) <em>Gilson Schwartz<\/em>, autor do lan\u00e7amento <em><strong>Brinco, logo aprendo<\/strong><\/em>, da<strong> PAULUS Editora<\/strong>, visita Natal no pr\u00f3ximo dia 27 de outubro.<\/p>\n<p style=\"text-align: justify;\">Pela manh\u00e3, o professor ir\u00e1 acompanhar a cerim\u00f4nia de premia\u00e7\u00e3o do Desafio Gamedu 2014, competi\u00e7\u00e3o com desenvolvedores de games e mais de 1500 inscri\u00e7\u00f5es de todo o pa\u00eds. Em seguida participar\u00e1 do 1\u00ba. Workshop de Programa\u00e7\u00e3o de Jogos Digitais no Ensino B\u00e1sico, promovido pelo Instituto Metr\u00f3pole Digital (IMD) da UFRN.<\/p>\n<p style=\"text-align: justify;\">Na parte da tarde, tamb\u00e9m na UFRN, <em>Gilson Schwartz<\/em> participa de uma mesa redonda na institui\u00e7\u00e3o com o objetivo de discutir os benef\u00edcios e os desafios de inserir o ensino de programa\u00e7\u00e3o de jogos digitais nas escolas.<br \/>\nEm seu livro, <em><strong>Brinco, logo aprendo<\/strong><\/em>, da <strong>PAULUS Editora<\/strong>, o professor <em>Gilson Schwartz<\/em> aponta que \u00e9 urgente a reinven\u00e7\u00e3o do professor como mentor, parceiro inspirador e experiente na apropria\u00e7\u00e3o dos novos recursos tecnol\u00f3gicos, em favor de pr\u00e1ticas de aprendizagem mais criativas. \u201cVencer esse desafio \u00e9 o que nos levar\u00e1, nas escolas, nas empresas e na sociedade, a uma viv\u00eancia mais plena e democr\u00e1tica do conhecimento e da tecnologia no s\u00e9culo XXI\u201d, lembra Schwartz.<\/p>\n<p style=\"text-align: justify;\"><em>Gilson Schwart<\/em>z \u00e9 formado em Economia e Ci\u00eancias Sociais pela USP, com doutorado em Economia pela Unicamp e p\u00f3s-doutorado pelo Instituto de Ensinos Avan\u00e7ados da USP, onde criou em 1999 o projeto \u201cCidade do Conhecimento,\u201d (www.cidade.usp.br) voltado para a pesquisa em educa\u00e7\u00e3o, empreendedorismo e inclus\u00e3o social mediada por tecnologias de informa\u00e7\u00e3o e comunica\u00e7\u00e3o.<\/p>\n","protected":false},"excerpt":{"rendered":"<p>O professor da Escola de Comunica\u00e7\u00f5es e Artes da Universidade de S\u00e3o Paulo (ECA-USP) Gilson Schwartz, autor do lan\u00e7amento Brinco, logo aprendo, da PAULUS Editora, visita Natal no pr\u00f3ximo dia 27 de outubro. Pela manh\u00e3, o professor ir\u00e1 acompanhar a cerim\u00f4nia de premia\u00e7\u00e3o do Desafio Gamedu 2014, competi\u00e7\u00e3o com desenvolvedores de games e mais de [&hellip;]<\/p>\n","protected":false},"author":3,"featured_media":0,"parent":0,"menu_order":0,"comment_status":"open","ping_status":"open","template":"","meta":{"_acf_changed":false,"footnotes":""},"class_list":["post-18896","page","type-page","status-publish","hentry"],"acf":[],"aioseo_notices":[],"_links":{"self":[{"href":"https:\/\/www.paulus.com.br\/portal\/wp-json\/wp\/v2\/pages\/18896","targetHints":{"allow":["GET"]}}],"collection":[{"href":"https:\/\/www.paulus.com.br\/portal\/wp-json\/wp\/v2\/pages"}],"about":[{"href":"https:\/\/www.paulus.com.br\/portal\/wp-json\/wp\/v2\/types\/page"}],"author":[{"embeddable":true,"href":"https:\/\/www.paulus.com.br\/portal\/wp-json\/wp\/v2\/users\/3"}],"replies":[{"embeddable":true,"href":"https:\/\/www.paulus.com.br\/portal\/wp-json\/wp\/v2\/comments?post=18896"}],"version-history":[{"count":1,"href":"https:\/\/www.paulus.com.br\/portal\/wp-json\/wp\/v2\/pages\/18896\/revisions"}],"predecessor-version":[{"id":18897,"href":"https:\/\/www.paulus.com.br\/portal\/wp-json\/wp\/v2\/pages\/18896\/revisions\/18897"}],"wp:attachment":[{"href":"https:\/\/www.paulus.com.br\/portal\/wp-json\/wp\/v2\/media?parent=18896"}],"curies":[{"name":"wp","href":"https:\/\/api.w.org\/{rel}","templated":true}]}}