{"id":18769,"date":"2014-10-15T13:37:45","date_gmt":"2014-10-15T16:37:45","guid":{"rendered":"http:\/\/www.paulus.com.br\/portal\/?page_id=18769"},"modified":"2014-10-15T13:37:45","modified_gmt":"2014-10-15T16:37:45","slug":"morre-o-autor-e-filosofo-giovanni-reale","status":"publish","type":"page","link":"https:\/\/www.paulus.com.br\/portal\/morre-o-autor-e-filosofo-giovanni-reale\/","title":{"rendered":"Morre o autor e fil\u00f3sofo Giovanni Reale"},"content":{"rendered":"<p style=\"text-align: justify;\">Faleceu nesta quarta-feira, 15 de outubro, no norte da It\u00e1lia, o autor da PAULUS e fil\u00f3sofo Giovanni Reale, aos 83 anos. Considerado um dos maiores int\u00e9rpretes do pensamento antigo Traduzido para muitos idiomas, Reale produziu primorosas releituras de Plat\u00e3o, Arist\u00f3teles, Santo Agostinho, entre outras. Pela PAULUS Editora publicou a consagrada cole\u00e7\u00e3o Hist\u00f3ria da Filosofia e Corpo, Alma e Sa\u00fade \u00ac\u2013 o conceito de homem de Homero a Plat\u00e3o.<\/p>\n","protected":false},"excerpt":{"rendered":"<p>Faleceu nesta quarta-feira, 15 de outubro, no norte da It\u00e1lia, o autor da PAULUS e fil\u00f3sofo Giovanni Reale, aos 83 anos. Considerado um dos maiores int\u00e9rpretes do pensamento antigo Traduzido para muitos idiomas, Reale produziu primorosas releituras de Plat\u00e3o, Arist\u00f3teles, Santo Agostinho, entre outras. Pela PAULUS Editora publicou a consagrada cole\u00e7\u00e3o Hist\u00f3ria da Filosofia e [&hellip;]<\/p>\n","protected":false},"author":3,"featured_media":0,"parent":0,"menu_order":0,"comment_status":"open","ping_status":"open","template":"","meta":{"_acf_changed":false,"footnotes":""},"class_list":["post-18769","page","type-page","status-publish","hentry"],"acf":[],"aioseo_notices":[],"_links":{"self":[{"href":"https:\/\/www.paulus.com.br\/portal\/wp-json\/wp\/v2\/pages\/18769","targetHints":{"allow":["GET"]}}],"collection":[{"href":"https:\/\/www.paulus.com.br\/portal\/wp-json\/wp\/v2\/pages"}],"about":[{"href":"https:\/\/www.paulus.com.br\/portal\/wp-json\/wp\/v2\/types\/page"}],"author":[{"embeddable":true,"href":"https:\/\/www.paulus.com.br\/portal\/wp-json\/wp\/v2\/users\/3"}],"replies":[{"embeddable":true,"href":"https:\/\/www.paulus.com.br\/portal\/wp-json\/wp\/v2\/comments?post=18769"}],"version-history":[{"count":1,"href":"https:\/\/www.paulus.com.br\/portal\/wp-json\/wp\/v2\/pages\/18769\/revisions"}],"predecessor-version":[{"id":18770,"href":"https:\/\/www.paulus.com.br\/portal\/wp-json\/wp\/v2\/pages\/18769\/revisions\/18770"}],"wp:attachment":[{"href":"https:\/\/www.paulus.com.br\/portal\/wp-json\/wp\/v2\/media?parent=18769"}],"curies":[{"name":"wp","href":"https:\/\/api.w.org\/{rel}","templated":true}]}}