{"id":18178,"date":"2014-09-16T14:09:54","date_gmt":"2014-09-16T17:09:54","guid":{"rendered":"http:\/\/www.paulus.com.br\/portal\/?page_id=18178"},"modified":"2014-09-16T14:09:54","modified_gmt":"2014-09-16T17:09:54","slug":"o-simposio","status":"publish","type":"page","link":"https:\/\/www.paulus.com.br\/portal\/simposio-pastoral\/o-simposio\/","title":{"rendered":"O Simp\u00f3sio"},"content":{"rendered":"<p>H\u00e1 cem anos, o bem-aventurado Tiago Alberione iniciou as funda\u00e7\u00f5es da Fam\u00edlia Paulina com os Padres e Irm\u00e3os Paulinos. Em grande medida, todas as suas funda\u00e7\u00f5es estiveram ligadas \u00e0 sua experi\u00eancia, na primeira fase de vida sacerdotal como padre diocesano, bem como aos estudos de hist\u00f3ria, sociologia, teologia e documentos do Magist\u00e9rio de sua \u00e9poca. Antes de fundar a primeira congrega\u00e7\u00e3o, formou um grupo de reflex\u00e3o com v\u00e1rios p\u00e1rocos italianos para estudar os problemas e desafios da pastoral, o que resultou em seu livro Apontamentos de Teologia Pastoral, o qual, posteriormente recomendava com frequ\u00eancia aos membros da Fam\u00edlia Paulina para que firmassem sua identidade pastoral.<\/p>\n<p>Alberione percebia que o n\u00famero de pessoas que frequentavam os templos diminu\u00eda. Notou, tamb\u00e9m, a capacidade crescente dos meios de comunica\u00e7\u00e3o de formar opini\u00e3o. Sentiu-se ent\u00e3o inspirado a desenvolver suas funda\u00e7\u00f5es para, em liga\u00e7\u00e3o com toda a pastoral da Igreja, evangelizar com os meios de comunica\u00e7\u00e3o e ajudar a desenvolver a atua\u00e7\u00e3o eclesial no campo comunicacional. Em uma \u00e9poca em que ainda havia muitas resist\u00eancias da Igreja em rela\u00e7\u00e3o aos meios de comunica\u00e7\u00e3o, ele imaginava o trabalho com esses meios como nova forma de sacerd\u00f3cio e minist\u00e9rio associado ao cuidado pastoral. O carisma da comunica\u00e7\u00e3o intu\u00eddo por ele, a fundamenta\u00e7\u00e3o e a espiritualidade que lhe d\u00e3o sentido s\u00e3o, n\u00e3o apenas, o espec\u00edfico da Fam\u00edlia Paulina, mas dom para toda a Igreja que, cada vez mais, procura atualizar suas formas de evangelizar. A comunica\u00e7\u00e3o tamb\u00e9m n\u00e3o \u00e9 apenas um setor da pastoral, mas toda a\u00e7\u00e3o pastoral da Igreja \u00e9 comunica\u00e7\u00e3o.<\/p>\n<p>Nesse simp\u00f3sio, reunimos estudiosos de pastoral, comunica\u00e7\u00e3o, missiologia e carisma Paulino, para discutir os caminhos, os desafios e as interpela\u00e7\u00f5es atuais quanto \u00e0 pastoral e comunica\u00e7\u00e3o.<\/p>\n","protected":false},"excerpt":{"rendered":"<p>H\u00e1 cem anos, o bem-aventurado Tiago Alberione iniciou as funda\u00e7\u00f5es da Fam\u00edlia Paulina com os Padres e Irm\u00e3os Paulinos. Em grande medida, todas as suas funda\u00e7\u00f5es estiveram ligadas \u00e0 sua experi\u00eancia, na primeira fase de vida sacerdotal como padre diocesano, bem como aos estudos de hist\u00f3ria, sociologia, teologia e documentos do Magist\u00e9rio de sua \u00e9poca. [&hellip;]<\/p>\n","protected":false},"author":22,"featured_media":18179,"parent":18115,"menu_order":0,"comment_status":"open","ping_status":"open","template":"","meta":{"_acf_changed":false,"footnotes":""},"class_list":["post-18178","page","type-page","status-publish","has-post-thumbnail","hentry"],"acf":[],"aioseo_notices":[],"_links":{"self":[{"href":"https:\/\/www.paulus.com.br\/portal\/wp-json\/wp\/v2\/pages\/18178","targetHints":{"allow":["GET"]}}],"collection":[{"href":"https:\/\/www.paulus.com.br\/portal\/wp-json\/wp\/v2\/pages"}],"about":[{"href":"https:\/\/www.paulus.com.br\/portal\/wp-json\/wp\/v2\/types\/page"}],"author":[{"embeddable":true,"href":"https:\/\/www.paulus.com.br\/portal\/wp-json\/wp\/v2\/users\/22"}],"replies":[{"embeddable":true,"href":"https:\/\/www.paulus.com.br\/portal\/wp-json\/wp\/v2\/comments?post=18178"}],"version-history":[{"count":1,"href":"https:\/\/www.paulus.com.br\/portal\/wp-json\/wp\/v2\/pages\/18178\/revisions"}],"predecessor-version":[{"id":18180,"href":"https:\/\/www.paulus.com.br\/portal\/wp-json\/wp\/v2\/pages\/18178\/revisions\/18180"}],"up":[{"embeddable":true,"href":"https:\/\/www.paulus.com.br\/portal\/wp-json\/wp\/v2\/pages\/18115"}],"wp:featuredmedia":[{"embeddable":true,"href":"https:\/\/www.paulus.com.br\/portal\/wp-json\/wp\/v2\/media\/18179"}],"wp:attachment":[{"href":"https:\/\/www.paulus.com.br\/portal\/wp-json\/wp\/v2\/media?parent=18178"}],"curies":[{"name":"wp","href":"https:\/\/api.w.org\/{rel}","templated":true}]}}