{"id":18115,"date":"2014-09-15T10:07:17","date_gmt":"2014-09-15T13:07:17","guid":{"rendered":"http:\/\/www.paulus.com.br\/portal\/?page_id=18115"},"modified":"2014-09-16T15:37:07","modified_gmt":"2014-09-16T18:37:07","slug":"simposio-pastoral","status":"publish","type":"page","link":"https:\/\/www.paulus.com.br\/portal\/simposio-pastoral\/","title":{"rendered":"Simp\u00f3sio Pastoral"},"content":{"rendered":"<p>H\u00e1 cem anos, o bem-aventurado Tiago Alberione iniciou as funda\u00e7\u00f5es da Fam\u00edlia Paulina com os Padres e Irm\u00e3os Paulinos. Em grande medida, todas as suas funda\u00e7\u00f5es estiveram ligadas \u00e0 sua experi\u00eancia, na primeira fase de vida sacerdotal como padre diocesano, bem como aos estudos de hist\u00f3ria, sociologia, teologia e documentos do Magist\u00e9rio de sua \u00e9poca.<\/p>\n<p>As respostas \u00e0s necessidades de nosso tempo ser\u00e3o eficazes tamb\u00e9m se bem embasadas na reflex\u00e3o. Por isso <em>esse simp\u00f3sio<\/em> re\u00fane estudiosos em pastoral, comunica\u00e7\u00e3o, sociologia, teologia, missiologia e do carisma paulino, buscando luzes e inspira\u00e7\u00f5es para a atua\u00e7\u00e3o pastoral em nosso tempo; uma reflex\u00e3o a ser feita em conjunto com as diversas pastorais e seguimentos da Igreja, pois a comunica\u00e7\u00e3o \u00e9 transversal a toda a a\u00e7\u00e3o pastoral.<\/p>\n","protected":false},"excerpt":{"rendered":"<p>H\u00e1 cem anos, o bem-aventurado Tiago Alberione iniciou as funda\u00e7\u00f5es da Fam\u00edlia Paulina com os Padres e Irm\u00e3os Paulinos. Em grande medida, todas as suas funda\u00e7\u00f5es estiveram ligadas \u00e0 sua experi\u00eancia, na primeira fase de vida sacerdotal como padre diocesano, bem como aos estudos de hist\u00f3ria, sociologia, teologia e documentos do Magist\u00e9rio de sua \u00e9poca. [&hellip;]<\/p>\n","protected":false},"author":22,"featured_media":18116,"parent":0,"menu_order":0,"comment_status":"open","ping_status":"open","template":"","meta":{"_acf_changed":false,"footnotes":""},"class_list":["post-18115","page","type-page","status-publish","has-post-thumbnail","hentry"],"acf":[],"aioseo_notices":[],"_links":{"self":[{"href":"https:\/\/www.paulus.com.br\/portal\/wp-json\/wp\/v2\/pages\/18115","targetHints":{"allow":["GET"]}}],"collection":[{"href":"https:\/\/www.paulus.com.br\/portal\/wp-json\/wp\/v2\/pages"}],"about":[{"href":"https:\/\/www.paulus.com.br\/portal\/wp-json\/wp\/v2\/types\/page"}],"author":[{"embeddable":true,"href":"https:\/\/www.paulus.com.br\/portal\/wp-json\/wp\/v2\/users\/22"}],"replies":[{"embeddable":true,"href":"https:\/\/www.paulus.com.br\/portal\/wp-json\/wp\/v2\/comments?post=18115"}],"version-history":[{"count":5,"href":"https:\/\/www.paulus.com.br\/portal\/wp-json\/wp\/v2\/pages\/18115\/revisions"}],"predecessor-version":[{"id":18188,"href":"https:\/\/www.paulus.com.br\/portal\/wp-json\/wp\/v2\/pages\/18115\/revisions\/18188"}],"wp:featuredmedia":[{"embeddable":true,"href":"https:\/\/www.paulus.com.br\/portal\/wp-json\/wp\/v2\/media\/18116"}],"wp:attachment":[{"href":"https:\/\/www.paulus.com.br\/portal\/wp-json\/wp\/v2\/media?parent=18115"}],"curies":[{"name":"wp","href":"https:\/\/api.w.org\/{rel}","templated":true}]}}