{"id":15613,"date":"2014-01-17T13:47:54","date_gmt":"2014-01-17T15:47:54","guid":{"rendered":"http:\/\/www.paulus.com.br\/portal\/?page_id=15613"},"modified":"2018-02-21T14:35:59","modified_gmt":"2018-02-21T17:35:59","slug":"cadastro-de-imprensa","status":"publish","type":"page","link":"https:\/\/www.paulus.com.br\/portal\/cadastro-de-imprensa\/","title":{"rendered":"Cadastro de Imprensa"},"content":{"rendered":"<p>Se voc\u00ea \u00e9 jornalista e deseja receber releases com lan\u00e7amentos e outras informa\u00e7\u00f5es exclusivas de nossa assessoria de imprensa, preencha o cadastro abaixo.<\/p>\n<p>Contato:<br \/>\nassessor.imprensa@paulus.com.br<br \/>\n11 &#8211; 5087-3634<br \/>\n11 &#8211; 5087-3733<\/p>\n\n<div class=\"wpcf7 no-js\" id=\"wpcf7-f15612-o1\" lang=\"pt-BR\" dir=\"ltr\" data-wpcf7-id=\"15612\">\n<div class=\"screen-reader-response\"><p role=\"status\" aria-live=\"polite\" aria-atomic=\"true\"><\/p> <ul><\/ul><\/div>\n<form action=\"\/portal\/wp-json\/wp\/v2\/pages\/15613#wpcf7-f15612-o1\" method=\"post\" class=\"wpcf7-form init\" aria-label=\"Formul\u00e1rios de contato\" novalidate=\"novalidate\" data-status=\"init\">\n<fieldset class=\"hidden-fields-container\"><input type=\"hidden\" name=\"_wpcf7\" value=\"15612\" \/><input type=\"hidden\" name=\"_wpcf7_version\" value=\"6.1.5\" \/><input type=\"hidden\" name=\"_wpcf7_locale\" value=\"pt_BR\" \/><input type=\"hidden\" name=\"_wpcf7_unit_tag\" value=\"wpcf7-f15612-o1\" \/><input type=\"hidden\" name=\"_wpcf7_container_post\" value=\"0\" \/><input type=\"hidden\" name=\"_wpcf7_posted_data_hash\" value=\"\" \/><input type=\"hidden\" name=\"_wpcf7_recaptcha_response\" value=\"\" \/>\n<\/fieldset>\n<div class=\"wrap-form\">\n\t<p>Nome completo: (obrigat\u00f3rio)\n\t<\/p>\n\t<p><span class=\"wpcf7-form-control-wrap\" data-name=\"your-name\"><input size=\"40\" maxlength=\"400\" class=\"wpcf7-form-control wpcf7-text wpcf7-validates-as-required\" aria-required=\"true\" aria-invalid=\"false\" value=\"\" type=\"text\" name=\"your-name\" \/><\/span>\n\t<\/p>\n\t<p>E-mail: (obrigat\u00f3rio)\n\t<\/p>\n\t<p><span class=\"wpcf7-form-control-wrap\" data-name=\"your-email\"><input size=\"40\" maxlength=\"400\" class=\"wpcf7-form-control wpcf7-email wpcf7-validates-as-required wpcf7-text wpcf7-validates-as-email\" aria-required=\"true\" aria-invalid=\"false\" value=\"\" type=\"email\" name=\"your-email\" \/><\/span>\n\t<\/p>\n\t<p>Ve\u00edculo:\n\t<\/p>\n\t<p><span class=\"wpcf7-form-control-wrap\" data-name=\"veiculo\"><input size=\"40\" maxlength=\"400\" class=\"wpcf7-form-control wpcf7-text\" aria-invalid=\"false\" value=\"\" type=\"text\" name=\"veiculo\" \/><\/span>\n\t<\/p>\n\t<p>Cargo:\n\t<\/p>\n\t<p><span class=\"wpcf7-form-control-wrap\" data-name=\"cargo\"><input size=\"40\" maxlength=\"400\" class=\"wpcf7-form-control wpcf7-text\" aria-invalid=\"false\" value=\"\" type=\"text\" name=\"cargo\" \/><\/span>\n\t<\/p>\n\t<p>Telefone: xx - xxxxxxxxx\n\t<\/p>\n\t<p><span class=\"wpcf7-form-control-wrap\" data-name=\"telddd\"><input size=\"40\" maxlength=\"2\" class=\"wpcf7-form-control wpcf7-text ddd\" aria-invalid=\"false\" value=\"\" type=\"text\" name=\"telddd\" \/><\/span> - <span class=\"wpcf7-form-control-wrap\" data-name=\"tel\"><input size=\"40\" maxlength=\"9\" class=\"wpcf7-form-control wpcf7-text tel\" aria-invalid=\"false\" value=\"\" type=\"text\" name=\"tel\" \/><\/span>\n\t<\/p>\n\t<p>Celular: xx - xxxxxxxxx\n\t<\/p>\n\t<p><span class=\"wpcf7-form-control-wrap\" data-name=\"celddd\"><input size=\"40\" maxlength=\"2\" class=\"wpcf7-form-control wpcf7-text ddd\" aria-invalid=\"false\" value=\"\" type=\"text\" name=\"celddd\" \/><\/span> - <span class=\"wpcf7-form-control-wrap\" data-name=\"cel\"><input size=\"40\" maxlength=\"9\" class=\"wpcf7-form-control wpcf7-text tel\" aria-invalid=\"false\" value=\"\" type=\"text\" name=\"cel\" \/><\/span>\n\t<\/p>\n\t<p>Estado:\n\t<\/p>\n\t<p><span class=\"wpcf7-form-control-wrap\" data-name=\"estado\"><select class=\"wpcf7-form-control wpcf7-select\" aria-invalid=\"false\" name=\"estado\"><option value=\"\">&#8212;Escolha uma op\u00e7\u00e3o&#8212;<\/option><option value=\"Acre\">Acre<\/option><option value=\"Alagoas\">Alagoas<\/option><option value=\"Amap\u00e1\">Amap\u00e1<\/option><option value=\"Amazonas\">Amazonas<\/option><option value=\"Bahia\">Bahia<\/option><option value=\"Cear\u00e1\">Cear\u00e1<\/option><option value=\"Distrito Federal\">Distrito Federal<\/option><option value=\"Esp\u00edrito Santo\">Esp\u00edrito Santo<\/option><option value=\"Goi\u00e1s\">Goi\u00e1s<\/option><option value=\"Maranh\u00e3o\">Maranh\u00e3o<\/option><option value=\"Mato Grosso\">Mato Grosso<\/option><option value=\"Mato Grosso do Sul\">Mato Grosso do Sul<\/option><option value=\"Minas Gerais\">Minas Gerais<\/option><option value=\"Par\u00e1\">Par\u00e1<\/option><option value=\"Para\u00edba\">Para\u00edba<\/option><option value=\"Paran\u00e1\">Paran\u00e1<\/option><option value=\"Pernambuco\">Pernambuco<\/option><option value=\"Piau\u00ed\">Piau\u00ed<\/option><option value=\"Rio de Janeiro\">Rio de Janeiro<\/option><option value=\"Rio Grande do Norte\">Rio Grande do Norte<\/option><option value=\"Rio Grande do Sul\">Rio Grande do Sul<\/option><option value=\"Rond\u00f4nia\">Rond\u00f4nia<\/option><option value=\"Roraima\">Roraima<\/option><option value=\"Santa Catarina\">Santa Catarina<\/option><option value=\"S\u00e3o Paulo\">S\u00e3o Paulo<\/option><option value=\"Sergipe\">Sergipe<\/option><option value=\"Tocantins\">Tocantins<\/option><\/select><\/span>\n\t<\/p>\n\t<p>Cidade:\n\t<\/p>\n\t<p><span class=\"wpcf7-form-control-wrap\" data-name=\"cidade\"><input size=\"40\" maxlength=\"400\" class=\"wpcf7-form-control wpcf7-text\" aria-invalid=\"false\" value=\"\" type=\"text\" name=\"cidade\" \/><\/span>\n\t<\/p>\n\t<p class=\"input-lgpd\"><br \/>\n<span class=\"wpcf7-form-control-wrap\" data-name=\"aceita-mensagens\"><span class=\"wpcf7-form-control wpcf7-checkbox\"><span class=\"wpcf7-list-item first last\"><input type=\"checkbox\" name=\"aceita-mensagens[]\" value=\"Aceito receber conte\u00fados e informa\u00e7\u00f5es da Paulus Editora por e-mail.\" \/><span class=\"wpcf7-list-item-label\">Aceito receber conte\u00fados e informa\u00e7\u00f5es da Paulus Editora por e-mail.<\/span><\/span><\/span><\/span>\n\t<\/p>\n\t<p class=\"text-news-lgpd text-news-lgpd-new-margin\">Conhe\u00e7a nossa <a href=\"https:\/\/privacidade.paulus.com.br\" target=\"_blank\">Pol\u00ed\u00adtica de Privacidade<\/a>\n\t<\/p>\n\t<p><input class=\"wpcf7-form-control wpcf7-submit has-spinner\" type=\"submit\" value=\"Enviar\" \/>\n\t<\/p>\n<\/div><p style=\"display: none !important;\" class=\"akismet-fields-container\" data-prefix=\"_wpcf7_ak_\"><label>&#916;<textarea name=\"_wpcf7_ak_hp_textarea\" cols=\"45\" rows=\"8\" maxlength=\"100\"><\/textarea><\/label><input type=\"hidden\" id=\"ak_js_1\" name=\"_wpcf7_ak_js\" value=\"195\"\/><script>document.getElementById( \"ak_js_1\" ).setAttribute( \"value\", ( new Date() ).getTime() );<\/script><\/p><div class=\"wpcf7-response-output\" aria-hidden=\"true\"><\/div>\n<\/form>\n<\/div>\n\n","protected":false},"excerpt":{"rendered":"<p>Se voc\u00ea \u00e9 jornalista e deseja receber releases com lan\u00e7amentos e outras informa\u00e7\u00f5es exclusivas de nossa assessoria de imprensa, preencha o cadastro abaixo. Contato: assessor.imprensa@paulus.com.br 11 &#8211; 5087-3634 11 &#8211; 5087-3733<\/p>\n","protected":false},"author":22,"featured_media":0,"parent":0,"menu_order":0,"comment_status":"open","ping_status":"open","template":"page-cadastro-de-imprensa.php","meta":{"_acf_changed":false,"footnotes":""},"class_list":["post-15613","page","type-page","status-publish","hentry"],"acf":[],"aioseo_notices":[],"_links":{"self":[{"href":"https:\/\/www.paulus.com.br\/portal\/wp-json\/wp\/v2\/pages\/15613","targetHints":{"allow":["GET"]}}],"collection":[{"href":"https:\/\/www.paulus.com.br\/portal\/wp-json\/wp\/v2\/pages"}],"about":[{"href":"https:\/\/www.paulus.com.br\/portal\/wp-json\/wp\/v2\/types\/page"}],"author":[{"embeddable":true,"href":"https:\/\/www.paulus.com.br\/portal\/wp-json\/wp\/v2\/users\/22"}],"replies":[{"embeddable":true,"href":"https:\/\/www.paulus.com.br\/portal\/wp-json\/wp\/v2\/comments?post=15613"}],"version-history":[{"count":7,"href":"https:\/\/www.paulus.com.br\/portal\/wp-json\/wp\/v2\/pages\/15613\/revisions"}],"predecessor-version":[{"id":39497,"href":"https:\/\/www.paulus.com.br\/portal\/wp-json\/wp\/v2\/pages\/15613\/revisions\/39497"}],"wp:attachment":[{"href":"https:\/\/www.paulus.com.br\/portal\/wp-json\/wp\/v2\/media?parent=15613"}],"curies":[{"name":"wp","href":"https:\/\/api.w.org\/{rel}","templated":true}]}}