{"id":116,"date":"2012-05-14T14:25:12","date_gmt":"2012-05-14T14:25:12","guid":{"rendered":"http:\/\/www.paulus.com.br\/institucional\/?page_id=116"},"modified":"2016-02-22T13:48:57","modified_gmt":"2016-02-22T16:48:57","slug":"linhas-editoriais","status":"publish","type":"page","link":"https:\/\/www.paulus.com.br\/portal\/linhas-editoriais\/","title":{"rendered":"Linhas Editoriais"},"content":{"rendered":"<p>Ao iniciar suas atividades no Brasil em 1931, a PAULUS mostrou que pioneirismo, proatividade, \u00e9tica e comprometimento s\u00e3o tra\u00e7os de sua identidade e norteiam suas a\u00e7\u00f5es. J\u00e1 dizia o fundador da Pia Sociedade de S\u00e3o Paulo, o bem-aventurado Tiago Alberione: \u201cV\u00e3o e anunciem! Eu acredito em um grande futuro para o Brasil.\u201d<\/p>\n<p>N\u00f3s tamb\u00e9m acreditamos! Tanto \u00e9 que nossas iniciativas na miss\u00e3o de \u201cfalar de tudo crist\u00e3mente\u201d n\u00e3o pararam desde ent\u00e3o! A PAULUS abrange todo o territ\u00f3rio nacional com suas publica\u00e7\u00f5es: livros impressos e digitais, CDs, peri\u00f3dicos e todos os meios que a intelig\u00eancia humana nos proporciona para anunciar o bem.<\/p>\n<p>A PAULUS acredita que bons conte\u00fados transformam, ajudam as pessoas a revelarem aquilo que t\u00eam de melhor. Por isso, ao decidir abra\u00e7ar a miss\u00e3o de usar os meios de comunica\u00e7\u00e3o para evangelizar todos os povos, a PAULUS tamb\u00e9m assumiu o compromisso de divulgar conte\u00fados que contribu\u00edssem com a forma\u00e7\u00e3o moral, intelectual, \u00e9tica e religiosa do ser humano.<\/p>\n<p style=\"text-align: justify;\">Para que voc\u00ea tenha f\u00e1cil acesso ao conte\u00fado construtivo que oferecemos, dividimos nossos produtos em cat\u00e1logos.<\/p>\n","protected":false},"excerpt":{"rendered":"<p>Ao iniciar suas atividades no Brasil em 1931, a PAULUS mostrou que pioneirismo, proatividade, \u00e9tica e comprometimento s\u00e3o tra\u00e7os de sua identidade e norteiam suas a\u00e7\u00f5es. J\u00e1 dizia o fundador da Pia Sociedade de S\u00e3o Paulo, o bem-aventurado Tiago Alberione: \u201cV\u00e3o e anunciem! Eu acredito em um grande futuro para o Brasil.\u201d N\u00f3s tamb\u00e9m acreditamos! [&hellip;]<\/p>\n","protected":false},"author":57,"featured_media":0,"parent":0,"menu_order":0,"comment_status":"open","ping_status":"open","template":"page-editorial.php","meta":{"_acf_changed":false,"footnotes":""},"class_list":["post-116","page","type-page","status-publish","hentry"],"acf":[],"aioseo_notices":[],"_links":{"self":[{"href":"https:\/\/www.paulus.com.br\/portal\/wp-json\/wp\/v2\/pages\/116","targetHints":{"allow":["GET"]}}],"collection":[{"href":"https:\/\/www.paulus.com.br\/portal\/wp-json\/wp\/v2\/pages"}],"about":[{"href":"https:\/\/www.paulus.com.br\/portal\/wp-json\/wp\/v2\/types\/page"}],"author":[{"embeddable":true,"href":"https:\/\/www.paulus.com.br\/portal\/wp-json\/wp\/v2\/users\/57"}],"replies":[{"embeddable":true,"href":"https:\/\/www.paulus.com.br\/portal\/wp-json\/wp\/v2\/comments?post=116"}],"version-history":[{"count":1,"href":"https:\/\/www.paulus.com.br\/portal\/wp-json\/wp\/v2\/pages\/116\/revisions"}],"predecessor-version":[{"id":26771,"href":"https:\/\/www.paulus.com.br\/portal\/wp-json\/wp\/v2\/pages\/116\/revisions\/26771"}],"wp:attachment":[{"href":"https:\/\/www.paulus.com.br\/portal\/wp-json\/wp\/v2\/media?parent=116"}],"curies":[{"name":"wp","href":"https:\/\/api.w.org\/{rel}","templated":true}]}}