{"id":107,"date":"2012-05-14T14:01:07","date_gmt":"2012-05-14T14:01:07","guid":{"rendered":"http:\/\/www.paulus.com.br\/institucional\/?page_id=107"},"modified":"2013-06-24T14:59:58","modified_gmt":"2013-06-24T17:59:58","slug":"missao","status":"publish","type":"page","link":"https:\/\/www.paulus.com.br\/portal\/missao\/","title":{"rendered":"Miss\u00e3o"},"content":{"rendered":"<p style=\"text-align: justify;\">Ser presen\u00e7a viva na Igreja e na Sociedade, assumindo com vigor e responsabilidade os meios mais eficazes de comunica\u00e7\u00e3o que a ci\u00eancia e a tecnologia p\u00f5em a nossa disposi\u00e7\u00e3o. Evangelizar, falar de tudo crist\u00e3mente, promover valores humanos e crist\u00e3os na cultura da comunica\u00e7\u00e3o.<\/p>\n<p style=\"text-align: justify;\"><img loading=\"lazy\" decoding=\"async\" title=\"Miss\u00e3o\" src=\"http:\/\/www.paulus.com.br\/institucional\/wp-content\/uploads\/2012\/05\/Miss\u00e3o1.jpg\" alt=\"\" width=\"630\" height=\"629\" \/><\/p>\n<p>&nbsp;<\/p>\n","protected":false},"excerpt":{"rendered":"<p>Ser presen\u00e7a viva na Igreja e na Sociedade, assumindo com vigor e responsabilidade os meios mais eficazes de comunica\u00e7\u00e3o que a ci\u00eancia e a tecnologia p\u00f5em a nossa disposi\u00e7\u00e3o. Evangelizar, falar de tudo crist\u00e3mente, promover valores humanos e crist\u00e3os na cultura da comunica\u00e7\u00e3o. &nbsp;<\/p>\n","protected":false},"author":57,"featured_media":0,"parent":0,"menu_order":0,"comment_status":"open","ping_status":"open","template":"page.php","meta":{"_acf_changed":false,"footnotes":""},"class_list":["post-107","page","type-page","status-publish","hentry"],"acf":[],"aioseo_notices":[],"_links":{"self":[{"href":"https:\/\/www.paulus.com.br\/portal\/wp-json\/wp\/v2\/pages\/107","targetHints":{"allow":["GET"]}}],"collection":[{"href":"https:\/\/www.paulus.com.br\/portal\/wp-json\/wp\/v2\/pages"}],"about":[{"href":"https:\/\/www.paulus.com.br\/portal\/wp-json\/wp\/v2\/types\/page"}],"author":[{"embeddable":true,"href":"https:\/\/www.paulus.com.br\/portal\/wp-json\/wp\/v2\/users\/57"}],"replies":[{"embeddable":true,"href":"https:\/\/www.paulus.com.br\/portal\/wp-json\/wp\/v2\/comments?post=107"}],"version-history":[{"count":0,"href":"https:\/\/www.paulus.com.br\/portal\/wp-json\/wp\/v2\/pages\/107\/revisions"}],"wp:attachment":[{"href":"https:\/\/www.paulus.com.br\/portal\/wp-json\/wp\/v2\/media?parent=107"}],"curies":[{"name":"wp","href":"https:\/\/api.w.org\/{rel}","templated":true}]}}