{"id":101,"date":"2012-05-14T13:59:50","date_gmt":"2012-05-14T13:59:50","guid":{"rendered":"http:\/\/www.paulus.com.br\/institucional\/?page_id=101"},"modified":"2012-07-11T13:20:29","modified_gmt":"2012-07-11T13:20:29","slug":"familia-paulina","status":"publish","type":"page","link":"https:\/\/www.paulus.com.br\/portal\/familia-paulina\/","title":{"rendered":"Fam\u00edlia Paulina"},"content":{"rendered":"<p style=\"text-align: justify;\" align=\"justify\">Pe. Alberione foi um dos fundadores mais fecundos da Igreja. Al\u00e9m dos Padres e Irm\u00e3os Paulinos ele tamb\u00e9m fundou mais quatro congrega\u00e7\u00f5es religiosas femininas e cinco Institutos seculares.<\/p>\n<p style=\"text-align: justify;\" align=\"justify\">Congrega\u00e7\u00f5es Religiosas: os Padres e irm\u00e3os Paulinos, as Irm\u00e3s Paulinas, as Irm\u00e3s Disc\u00edpulas, as Irm\u00e3s Pastorinhas e as Irm\u00e3s Apostolinas.<\/p>\n<p style=\"text-align: justify;\" align=\"justify\">Institutos Seculares: os Cooperadores Paulinos, as Anunciatinas, os Gabrielinos, o Instituto Santa Fam\u00edlia e o Instituto Jesus Sacerdote.<\/p>\n<p style=\"text-align: justify;\" align=\"justify\">O conjunto das funda\u00e7\u00f5es do Pe. Tiago Alberione recebe o nome de Fam\u00edlia Paulina. S\u00e3o dez vozes, com carismas diferentes, mas com o mesmo fim: \u201cViver integralmente o evangelho de Jesus Cristo Caminho, Verdade e Vida, no esp\u00edrito de s\u00e3o Paulo, sob o olhar da Rainha dos Ap\u00f3stolos\u201d (AD 93).<\/p>\n<p style=\"text-align: justify;\" align=\"justify\"><img loading=\"lazy\" decoding=\"async\" src=\"http:\/\/www.paulus.com.br\/institucional\/wp-content\/uploads\/2012\/05\/Fam\u00edlia-Paulina2.jpg\" alt=\"\" width=\"630\" height=\"628\" \/><\/p>\n<p>&nbsp;<\/p>\n","protected":false},"excerpt":{"rendered":"<p>Pe. Alberione foi um dos fundadores mais fecundos da Igreja. Al\u00e9m dos Padres e Irm\u00e3os Paulinos ele tamb\u00e9m fundou mais quatro congrega\u00e7\u00f5es religiosas femininas e cinco Institutos seculares. Congrega\u00e7\u00f5es Religiosas: os Padres e irm\u00e3os Paulinos, as Irm\u00e3s Paulinas, as Irm\u00e3s Disc\u00edpulas, as Irm\u00e3s Pastorinhas e as Irm\u00e3s Apostolinas. Institutos Seculares: os Cooperadores Paulinos, as Anunciatinas, [&hellip;]<\/p>\n","protected":false},"author":57,"featured_media":0,"parent":0,"menu_order":0,"comment_status":"open","ping_status":"open","template":"page.php","meta":{"_acf_changed":false,"footnotes":""},"class_list":["post-101","page","type-page","status-publish","hentry"],"acf":[],"aioseo_notices":[],"_links":{"self":[{"href":"https:\/\/www.paulus.com.br\/portal\/wp-json\/wp\/v2\/pages\/101","targetHints":{"allow":["GET"]}}],"collection":[{"href":"https:\/\/www.paulus.com.br\/portal\/wp-json\/wp\/v2\/pages"}],"about":[{"href":"https:\/\/www.paulus.com.br\/portal\/wp-json\/wp\/v2\/types\/page"}],"author":[{"embeddable":true,"href":"https:\/\/www.paulus.com.br\/portal\/wp-json\/wp\/v2\/users\/57"}],"replies":[{"embeddable":true,"href":"https:\/\/www.paulus.com.br\/portal\/wp-json\/wp\/v2\/comments?post=101"}],"version-history":[{"count":0,"href":"https:\/\/www.paulus.com.br\/portal\/wp-json\/wp\/v2\/pages\/101\/revisions"}],"wp:attachment":[{"href":"https:\/\/www.paulus.com.br\/portal\/wp-json\/wp\/v2\/media?parent=101"}],"curies":[{"name":"wp","href":"https:\/\/api.w.org\/{rel}","templated":true}]}}