{"id":5769,"date":"2022-03-03T15:20:47","date_gmt":"2022-03-03T18:20:47","guid":{"rendered":"https:\/\/www.paulus.com.br\/assistencia-social\/?page_id=5769"},"modified":"2024-04-10T09:11:10","modified_gmt":"2024-04-10T12:11:10","slug":"formacoes","status":"publish","type":"page","link":"https:\/\/www.paulus.com.br\/assistencia-social\/formacoes\/","title":{"rendered":"Forma\u00e7\u00f5es PAULUS Social"},"content":{"rendered":"\n<p>A principal manifesta\u00e7\u00e3o do Assessoramento executado pela PAULUS Social se d\u00e1 atrav\u00e9s das forma\u00e7\u00f5es realizadas pelos Programas Direito e Cidadania e InovaSUAS. As atividades planejadas e continuadas, que ocorrem tanto presencialmente quanto \u00e0 dist\u00e2ncia, s\u00e3o sempre estruturadas a partir da escuta das demandas de territ\u00f3rios em diversos estados do Brasil.<\/p>\n\n\n\n<p>Com estes processos formativos, a PAULUS Social contribui para a implementa\u00e7\u00e3o e o\u00a0aperfei\u00e7oamento do Sistema \u00danico de Assist\u00eancia Social (SUAS) ao capacitar gestores,\u00a0trabalhadores, lideran\u00e7as comunit\u00e1rias e conselheiros da Assist\u00eancia Social. As forma\u00e7\u00f5es\u00a0buscam tamb\u00e9m a defesa e a garantia de direitos, ao contemplar os usu\u00e1rios com conte\u00fados e\u00a0espa\u00e7os de di\u00e1logo para constru\u00e7\u00e3o coletiva de a\u00e7\u00f5es concretas de acesso e efetividade da\u00a0Pol\u00edtica de Assist\u00eancia Social.<\/p>\n\n\n\n<p>Confira abaixo as forma\u00e7\u00f5es dispon\u00edveis no momento e fique a vontade em&nbsp;manifestar&nbsp;o seu interesse nas forma\u00e7\u00f5es j\u00e1 encerradas.<\/p>\n","protected":false},"excerpt":{"rendered":"<p>A principal manifesta\u00e7\u00e3o do Assessoramento executado pela PAULUS Social se d\u00e1 atrav\u00e9s das forma\u00e7\u00f5es realizadas pelos Programas Direito e Cidadania e InovaSUAS. As atividades planejadas e continuadas, que ocorrem tanto presencialmente quanto \u00e0 dist\u00e2ncia, s\u00e3o sempre estruturadas a partir da escuta das demandas de territ\u00f3rios em diversos estados do Brasil. Com estes processos formativos, a [&hellip;]<\/p>\n","protected":false},"author":1,"featured_media":0,"parent":0,"menu_order":0,"comment_status":"closed","ping_status":"closed","template":"","meta":{"_acf_changed":false,"_themeisle_gutenberg_block_has_review":false,"footnotes":""},"class_list":["post-5769","page","type-page","status-publish","hentry"],"acf":[],"_links":{"self":[{"href":"https:\/\/www.paulus.com.br\/assistencia-social\/wp-json\/wp\/v2\/pages\/5769","targetHints":{"allow":["GET"]}}],"collection":[{"href":"https:\/\/www.paulus.com.br\/assistencia-social\/wp-json\/wp\/v2\/pages"}],"about":[{"href":"https:\/\/www.paulus.com.br\/assistencia-social\/wp-json\/wp\/v2\/types\/page"}],"author":[{"embeddable":true,"href":"https:\/\/www.paulus.com.br\/assistencia-social\/wp-json\/wp\/v2\/users\/1"}],"replies":[{"embeddable":true,"href":"https:\/\/www.paulus.com.br\/assistencia-social\/wp-json\/wp\/v2\/comments?post=5769"}],"version-history":[{"count":23,"href":"https:\/\/www.paulus.com.br\/assistencia-social\/wp-json\/wp\/v2\/pages\/5769\/revisions"}],"predecessor-version":[{"id":7519,"href":"https:\/\/www.paulus.com.br\/assistencia-social\/wp-json\/wp\/v2\/pages\/5769\/revisions\/7519"}],"wp:attachment":[{"href":"https:\/\/www.paulus.com.br\/assistencia-social\/wp-json\/wp\/v2\/media?parent=5769"}],"curies":[{"name":"wp","href":"https:\/\/api.w.org\/{rel}","templated":true}]}}