{"id":5748,"date":"2022-03-03T15:06:57","date_gmt":"2022-03-03T18:06:57","guid":{"rendered":"https:\/\/www.paulus.com.br\/assistencia-social\/?page_id=5748"},"modified":"2026-02-11T08:44:52","modified_gmt":"2026-02-11T11:44:52","slug":"assessoramento","status":"publish","type":"page","link":"https:\/\/www.paulus.com.br\/assistencia-social\/assessoramento\/","title":{"rendered":"Assessoramento, Defesa e Garantia de Direitos"},"content":{"rendered":"\n<p>As a\u00e7\u00f5es do assessoramento s\u00e3o orientadas pela Resolu\u00e7\u00e3o do Conselho Nacional de Assist\u00eancia Social \u2013 <strong>CNAS\/MDS n\u00ba 182, de 13 de fevereiro de 2025<\/strong>. Nesta normativa o assessoramento\u202f e a defesa de direitos tem caracterizado como p\u00fablico-alvo usu\u00e1rios, lideran\u00e7as comunit\u00e1rias, gestores, conselheiros e trabalhadores do Sistema \u00danico de Assist\u00eancia Social &#8211; SUAS.<\/p>\n\n\n\n<p>Esta caracteriza\u00e7\u00e3o consolida a PAULUS como entidade de assessoramento, cruzando todo o pa\u00eds com a\u00e7\u00f5es dirigidas ao p\u00fablico da assist\u00eancia social, voltadas prioritariamente para o fortalecimento de fam\u00edlias e indiv\u00edduos em situa\u00e7\u00e3o de vulnerabilidade e riscos pessoais e sociais atendidas pela rede socioassistencial. As capacita\u00e7\u00f5es, pesquisas e publica\u00e7\u00f5es s\u00e3o oferecidas gratuitamente.<\/p>\n\n\n\n<p>A partir da atua\u00e7\u00e3o em rede com outras grandes organiza\u00e7\u00f5es, a assist\u00eancia social da PAULUS desenvolve a\u00e7\u00f5es nas cinco regi\u00f5es do pa\u00eds; e est\u00e1 estruturada para dialogar e construir coletivamente solu\u00e7\u00f5es para as principais demandas da pol\u00edtica de assist\u00eancia social no Brasil.<\/p>\n","protected":false},"excerpt":{"rendered":"<p>As a\u00e7\u00f5es do assessoramento s\u00e3o orientadas pela Resolu\u00e7\u00e3o do Conselho Nacional de Assist\u00eancia Social \u2013 CNAS\/MDS n\u00ba 182, de 13 de fevereiro de 2025. Nesta normativa o assessoramento\u202f e a defesa de direitos tem caracterizado como p\u00fablico-alvo usu\u00e1rios, lideran\u00e7as comunit\u00e1rias, gestores, conselheiros e trabalhadores do Sistema \u00danico de Assist\u00eancia Social &#8211; SUAS. Esta caracteriza\u00e7\u00e3o consolida [&hellip;]<\/p>\n","protected":false},"author":1,"featured_media":0,"parent":0,"menu_order":0,"comment_status":"closed","ping_status":"closed","template":"","meta":{"_acf_changed":false,"_themeisle_gutenberg_block_has_review":false,"footnotes":""},"class_list":["post-5748","page","type-page","status-publish","hentry"],"acf":[],"_links":{"self":[{"href":"https:\/\/www.paulus.com.br\/assistencia-social\/wp-json\/wp\/v2\/pages\/5748","targetHints":{"allow":["GET"]}}],"collection":[{"href":"https:\/\/www.paulus.com.br\/assistencia-social\/wp-json\/wp\/v2\/pages"}],"about":[{"href":"https:\/\/www.paulus.com.br\/assistencia-social\/wp-json\/wp\/v2\/types\/page"}],"author":[{"embeddable":true,"href":"https:\/\/www.paulus.com.br\/assistencia-social\/wp-json\/wp\/v2\/users\/1"}],"replies":[{"embeddable":true,"href":"https:\/\/www.paulus.com.br\/assistencia-social\/wp-json\/wp\/v2\/comments?post=5748"}],"version-history":[{"count":3,"href":"https:\/\/www.paulus.com.br\/assistencia-social\/wp-json\/wp\/v2\/pages\/5748\/revisions"}],"predecessor-version":[{"id":11102,"href":"https:\/\/www.paulus.com.br\/assistencia-social\/wp-json\/wp\/v2\/pages\/5748\/revisions\/11102"}],"wp:attachment":[{"href":"https:\/\/www.paulus.com.br\/assistencia-social\/wp-json\/wp\/v2\/media?parent=5748"}],"curies":[{"name":"wp","href":"https:\/\/api.w.org\/{rel}","templated":true}]}}