{"id":5745,"date":"2022-03-03T15:04:14","date_gmt":"2022-03-03T18:04:14","guid":{"rendered":"https:\/\/www.paulus.com.br\/assistencia-social\/?page_id=5745"},"modified":"2026-04-10T08:56:58","modified_gmt":"2026-04-10T11:56:58","slug":"atendimento","status":"publish","type":"page","link":"https:\/\/www.paulus.com.br\/assistencia-social\/atendimento\/","title":{"rendered":"Atendimento"},"content":{"rendered":"\n<p>O\u202f<strong>Servi\u00e7o de Conviv\u00eancia e Fortalecimento de V\u00ednculos (SCFV)<\/strong>, indicado na Tipifica\u00e7\u00e3o Nacional dos Servi\u00e7os Socioassistenciais (Resolu\u00e7\u00e3o 109\/2009 do Conselho Nacional de Assist\u00eancia Social),\u202fcomp\u00f5e as ofertas de servi\u00e7os do Sistema \u00danico de Assist\u00eancia Social (SUAS), favorecendo a popula\u00e7\u00e3o que vivencia situa\u00e7\u00f5es de vulnerabilidade e risco social, garantia \u00e0 efetiva\u00e7\u00e3o do direito \u00e0 conviv\u00eancia familiar, comunit\u00e1ria e \u00e0 prote\u00e7\u00e3o da fam\u00edlia, mediante novas oportunidades e\u202f reflex\u00e3o acerca da realidade social.<\/p>\n\n\n\n<p>A PAULUS executa o Servi\u00e7o de Conviv\u00eancia e Fortalecimento de V\u00ednculos em seus quatro Centros PAULUS de Conviv\u00eancia, localizados na Freguesia do \u00d3 (S\u00e3o Paulo\/SP), Vila Mariana (S\u00e3o Paulo\/SP), Jardim Santa Maria (Osasco\/SP) e Granja Carolina (Cotia\/SP), atendendo a prerrogativa de estimular a conviv\u00eancia&nbsp;familiar e&nbsp;comunit\u00e1ria e o fortalecimento de v\u00ednculos dos atendidos.<\/p>\n\n\n\n<p>O servi\u00e7o \u00e9 realizado utilizando estrat\u00e9gias l\u00fadicas e interativas voltadas \u00e0 diversidade, \u00e0 tecnologia,&nbsp;\u00e0s artes,&nbsp;\u00e0 ambi\u00eancia criativa, imaginativa e de sociabilidade centradas no direito \u00e0 cidadania.\u202fTais\u202finterven\u00e7\u00f5es valorizam a pluralidade e a singularidade no exerc\u00edcio da inf\u00e2ncia,&nbsp; da adolesc\u00eancia&nbsp;e da vida adulta, respeitando as peculiaridades de suas din\u00e2micas sociais e vis\u00e3o de mundo. Assim, pressup\u00f5e-se uma gera\u00e7\u00e3o com potencial para enfrentar os desafios propostos por suas realidades locais, sociais, culturais, ambientais e pol\u00edticas.<\/p>\n\n\n\n<p>O atendimento a adolescentes e jovens, na unidade Vila Mariana,\u00a0tem como foco a prepara\u00e7\u00e3o para o mundo do trabalho, com atividades, encontros, conversas, sa\u00eddas e pr\u00e1ticas voltadas ao autoconhecimento, apresenta\u00e7\u00e3o pessoal, trabalho em grupo, desenvolvimento de habilidades e compet\u00eancias, participa\u00e7\u00e3o no territ\u00f3rio, elabora\u00e7\u00e3o de curr\u00edculo, simula\u00e7\u00e3o de entrevistas e o audiovisual, com foco na fotografia, filmagem, cria\u00e7\u00e3o e edi\u00e7\u00e3o de conte\u00fados.\u00a0<\/p>\n\n\n\n<p>Os Centros PAULUS de Conviv\u00eancia&nbsp;&nbsp;da Freguesia do \u00d3, Vila Mariana e&nbsp;Cotia atendem, al\u00e9m de crian\u00e7as (Freguesia do \u00d3 e Cotia) e adolescentes, pessoas idosas, a partir dos 60 anos, dentro da mesma premissa dos Servi\u00e7os de Conviv\u00eancia e Fortalecimento de V\u00ednculos, atendendo \u00e0s demandas do territ\u00f3rio.<\/p>\n\n\n\n<p><\/p>\n","protected":false},"excerpt":{"rendered":"<p>O\u202fServi\u00e7o de Conviv\u00eancia e Fortalecimento de V\u00ednculos (SCFV), indicado na Tipifica\u00e7\u00e3o Nacional dos Servi\u00e7os Socioassistenciais (Resolu\u00e7\u00e3o 109\/2009 do Conselho Nacional de Assist\u00eancia Social),\u202fcomp\u00f5e as ofertas de servi\u00e7os do Sistema \u00danico de Assist\u00eancia Social (SUAS), favorecendo a popula\u00e7\u00e3o que vivencia situa\u00e7\u00f5es de vulnerabilidade e risco social, garantia \u00e0 efetiva\u00e7\u00e3o do direito \u00e0 conviv\u00eancia familiar, comunit\u00e1ria e [&hellip;]<\/p>\n","protected":false},"author":1,"featured_media":0,"parent":0,"menu_order":0,"comment_status":"closed","ping_status":"closed","template":"","meta":{"_acf_changed":false,"_themeisle_gutenberg_block_has_review":false,"footnotes":""},"class_list":["post-5745","page","type-page","status-publish","hentry"],"acf":[],"_links":{"self":[{"href":"https:\/\/www.paulus.com.br\/assistencia-social\/wp-json\/wp\/v2\/pages\/5745","targetHints":{"allow":["GET"]}}],"collection":[{"href":"https:\/\/www.paulus.com.br\/assistencia-social\/wp-json\/wp\/v2\/pages"}],"about":[{"href":"https:\/\/www.paulus.com.br\/assistencia-social\/wp-json\/wp\/v2\/types\/page"}],"author":[{"embeddable":true,"href":"https:\/\/www.paulus.com.br\/assistencia-social\/wp-json\/wp\/v2\/users\/1"}],"replies":[{"embeddable":true,"href":"https:\/\/www.paulus.com.br\/assistencia-social\/wp-json\/wp\/v2\/comments?post=5745"}],"version-history":[{"count":9,"href":"https:\/\/www.paulus.com.br\/assistencia-social\/wp-json\/wp\/v2\/pages\/5745\/revisions"}],"predecessor-version":[{"id":11332,"href":"https:\/\/www.paulus.com.br\/assistencia-social\/wp-json\/wp\/v2\/pages\/5745\/revisions\/11332"}],"wp:attachment":[{"href":"https:\/\/www.paulus.com.br\/assistencia-social\/wp-json\/wp\/v2\/media?parent=5745"}],"curies":[{"name":"wp","href":"https:\/\/api.w.org\/{rel}","templated":true}]}}