{"id":5744,"date":"2022-03-03T15:01:33","date_gmt":"2022-03-03T18:01:33","guid":{"rendered":"https:\/\/www.paulus.com.br\/assistencia-social\/?page_id=5744"},"modified":"2022-03-08T11:04:02","modified_gmt":"2022-03-08T14:04:02","slug":"contato","status":"publish","type":"page","link":"https:\/\/www.paulus.com.br\/assistencia-social\/contato\/","title":{"rendered":"Contato"},"content":{"rendered":"\n<h2 class=\"wp-block-heading\">Fale com a PAULUS Social<\/h2>\n\n\n\n<p>Entre em contato pelo n\u00famero:<\/p>\n\n\n\n<p><i class=\"fas fa-phone-alt\"><\/i>  (11) 5081-7420<\/p>\n\n\n\n<div style=\"height:43px\" aria-hidden=\"true\" class=\"wp-block-spacer\"><\/div>\n\n\n\n<h2 class=\"wp-block-heading\">Hor\u00e1rio de atendimento<\/h2>\n\n\n\n<p><i class=\"fas fa-clock\"><\/i> Segunda a sexta-feira 8h00 \u00e0s 17h45<\/p>\n","protected":false},"excerpt":{"rendered":"<p>Fale com a PAULUS Social Entre em contato pelo n\u00famero: (11) 5081-7420 Hor\u00e1rio de atendimento Segunda a sexta-feira 8h00 \u00e0s 17h45<\/p>\n","protected":false},"author":1,"featured_media":0,"parent":0,"menu_order":0,"comment_status":"closed","ping_status":"closed","template":"","meta":{"_acf_changed":false,"_themeisle_gutenberg_block_has_review":false,"footnotes":""},"class_list":["post-5744","page","type-page","status-publish","hentry"],"acf":[],"_links":{"self":[{"href":"https:\/\/www.paulus.com.br\/assistencia-social\/wp-json\/wp\/v2\/pages\/5744","targetHints":{"allow":["GET"]}}],"collection":[{"href":"https:\/\/www.paulus.com.br\/assistencia-social\/wp-json\/wp\/v2\/pages"}],"about":[{"href":"https:\/\/www.paulus.com.br\/assistencia-social\/wp-json\/wp\/v2\/types\/page"}],"author":[{"embeddable":true,"href":"https:\/\/www.paulus.com.br\/assistencia-social\/wp-json\/wp\/v2\/users\/1"}],"replies":[{"embeddable":true,"href":"https:\/\/www.paulus.com.br\/assistencia-social\/wp-json\/wp\/v2\/comments?post=5744"}],"version-history":[{"count":2,"href":"https:\/\/www.paulus.com.br\/assistencia-social\/wp-json\/wp\/v2\/pages\/5744\/revisions"}],"predecessor-version":[{"id":5929,"href":"https:\/\/www.paulus.com.br\/assistencia-social\/wp-json\/wp\/v2\/pages\/5744\/revisions\/5929"}],"wp:attachment":[{"href":"https:\/\/www.paulus.com.br\/assistencia-social\/wp-json\/wp\/v2\/media?parent=5744"}],"curies":[{"name":"wp","href":"https:\/\/api.w.org\/{rel}","templated":true}]}}