{"id":5731,"date":"2022-03-03T14:51:23","date_gmt":"2022-03-03T17:51:23","guid":{"rendered":"https:\/\/www.paulus.com.br\/assistencia-social\/?page_id=5731"},"modified":"2022-03-08T11:40:56","modified_gmt":"2022-03-08T14:40:56","slug":"educacao","status":"publish","type":"page","link":"https:\/\/www.paulus.com.br\/assistencia-social\/educacao\/","title":{"rendered":"Educa\u00e7\u00e3o"},"content":{"rendered":"\n<div class=\"wp-block-media-text alignwide is-stacked-on-mobile\" style=\"grid-template-columns:30% auto\"><figure class=\"wp-block-media-text__media\"><img loading=\"lazy\" decoding=\"async\" width=\"406\" height=\"295\" src=\"https:\/\/www.paulus.com.br\/assistencia-social\/wp-content\/uploads\/2022\/03\/img-pag-educacao.jpg\" alt=\"\" class=\"wp-image-5732 size-full\" srcset=\"https:\/\/www.paulus.com.br\/assistencia-social\/wp-content\/uploads\/2022\/03\/img-pag-educacao.jpg 406w, https:\/\/www.paulus.com.br\/assistencia-social\/wp-content\/uploads\/2022\/03\/img-pag-educacao-300x218.jpg 300w\" sizes=\"auto, (max-width: 406px) 100vw, 406px\" \/><\/figure><div class=\"wp-block-media-text__content\">\n<p>Com a miss\u00e3o de promover o ser humano por meio de uma forma\u00e7\u00e3o integrada \u00e0s \u00e1reas de comunica\u00e7\u00e3o, filosofia e tecnologia para atuar no mundo do trabalho com profissionalismo, \u00e9tica e responsabilidade social, a PAULUS funda, em 31 de outubro de 2005, a<strong> Faculdade PAULUS de Tecnologia e Comunica\u00e7\u00e3o &#8211; FAPCOM<\/strong>.<\/p>\n\n\n\n<p>Desde 2006 a <strong>FAPCOM<\/strong> adere ao <strong>Programa Universidade Para Todos \u2013 PROUNI<\/strong>, contribuindo para a amplia\u00e7\u00e3o do acesso de jovens e adultos de baixa renda ao ensino superior. O Programa disponibiliza <strong>bolsas de estudo<\/strong> integrais e parciais (50%) e est\u00e3o condicionadas ao cumprimento da Lei 11.096\/05.<\/p>\n<\/div><\/div>\n\n\n\n<p><\/p>\n","protected":false},"excerpt":{"rendered":"<p>Com a miss\u00e3o de promover o ser humano por meio de uma forma\u00e7\u00e3o integrada \u00e0s \u00e1reas de comunica\u00e7\u00e3o, filosofia e tecnologia para atuar no mundo do trabalho com profissionalismo, \u00e9tica e responsabilidade social, a PAULUS funda, em 31 de outubro de 2005, a Faculdade PAULUS de Tecnologia e Comunica\u00e7\u00e3o &#8211; FAPCOM. Desde 2006 a FAPCOM [&hellip;]<\/p>\n","protected":false},"author":1,"featured_media":0,"parent":0,"menu_order":0,"comment_status":"closed","ping_status":"closed","template":"","meta":{"_acf_changed":false,"_themeisle_gutenberg_block_has_review":false,"footnotes":""},"class_list":["post-5731","page","type-page","status-publish","hentry"],"acf":[],"_links":{"self":[{"href":"https:\/\/www.paulus.com.br\/assistencia-social\/wp-json\/wp\/v2\/pages\/5731","targetHints":{"allow":["GET"]}}],"collection":[{"href":"https:\/\/www.paulus.com.br\/assistencia-social\/wp-json\/wp\/v2\/pages"}],"about":[{"href":"https:\/\/www.paulus.com.br\/assistencia-social\/wp-json\/wp\/v2\/types\/page"}],"author":[{"embeddable":true,"href":"https:\/\/www.paulus.com.br\/assistencia-social\/wp-json\/wp\/v2\/users\/1"}],"replies":[{"embeddable":true,"href":"https:\/\/www.paulus.com.br\/assistencia-social\/wp-json\/wp\/v2\/comments?post=5731"}],"version-history":[{"count":6,"href":"https:\/\/www.paulus.com.br\/assistencia-social\/wp-json\/wp\/v2\/pages\/5731\/revisions"}],"predecessor-version":[{"id":5936,"href":"https:\/\/www.paulus.com.br\/assistencia-social\/wp-json\/wp\/v2\/pages\/5731\/revisions\/5936"}],"wp:attachment":[{"href":"https:\/\/www.paulus.com.br\/assistencia-social\/wp-json\/wp\/v2\/media?parent=5731"}],"curies":[{"name":"wp","href":"https:\/\/api.w.org\/{rel}","templated":true}]}}