{"id":5728,"date":"2022-03-03T14:39:14","date_gmt":"2022-03-03T17:39:14","guid":{"rendered":"https:\/\/www.paulus.com.br\/assistencia-social\/?page_id=5728"},"modified":"2022-04-04T11:18:52","modified_gmt":"2022-04-04T14:18:52","slug":"quem-somos","status":"publish","type":"page","link":"https:\/\/www.paulus.com.br\/assistencia-social\/quem-somos\/","title":{"rendered":"Quem somos"},"content":{"rendered":"\n<p>A Pia Sociedade de S\u00e3o Paulo (PAULUS), entidade beneficente de Assist\u00eancia Social e Educa\u00e7\u00e3o, foi fundada na It\u00e1lia em 1914 pelo padre Tiago Alberione. No Brasil, foi institu\u00edda em 20 de agosto de 1931, na cidade de S\u00e3o Paulo\/SP.<\/p>\n\n\n\n<p>Seguindo sua voca\u00e7\u00e3o hist\u00f3rica e conforme definido em seu estatuto, a PAULUS se estabelece como uma Organiza\u00e7\u00e3o Social atuando com preponder\u00e2ncia legal na Pol\u00edtica de Assist\u00eancia Social. Concomitantemente, realiza a\u00e7\u00f5es na Pol\u00edtica de Educa\u00e7\u00e3o.<\/p>\n\n\n\n<p>Essa atua\u00e7\u00e3o mista compreende um investimento majorit\u00e1rio nas a\u00e7\u00f5es que correspondem ao atendimento direto a usu\u00e1rios da Assist\u00eancia Social, e tamb\u00e9m dedica desde 2005 uma aten\u00e7\u00e3o formal, regular, laica e presencial \u00e0 Pol\u00edtica de Educa\u00e7\u00e3o, investindo na forma\u00e7\u00e3o de jovens pela gradua\u00e7\u00e3o nas disciplinas da \u00e1rea da Comunica\u00e7\u00e3o Social e Filosofia.<\/p>\n\n\n\n<div class=\"wp-block-media-text alignwide is-stacked-on-mobile\" style=\"grid-template-columns:35% auto\"><figure class=\"wp-block-media-text__media\"><img loading=\"lazy\" decoding=\"async\" width=\"406\" height=\"274\" src=\"https:\/\/www.paulus.com.br\/assistencia-social\/wp-content\/uploads\/2022\/03\/imagem-scfv.jpg\" alt=\"\" class=\"wp-image-5825 size-full\" srcset=\"https:\/\/www.paulus.com.br\/assistencia-social\/wp-content\/uploads\/2022\/03\/imagem-scfv.jpg 406w, https:\/\/www.paulus.com.br\/assistencia-social\/wp-content\/uploads\/2022\/03\/imagem-scfv-300x202.jpg 300w\" sizes=\"auto, (max-width: 406px) 100vw, 406px\" \/><\/figure><div class=\"wp-block-media-text__content\">\n<p class=\"has-text-align-center has-text-color\" style=\"color:#98000d\"><em>Investindo na Assist\u00eancia Social e na Educa\u00e7\u00e3o, duas realidades interligadas, a PAULUS proporciona o despertar de um protagonismo na constru\u00e7\u00e3o de um mundo melhor. Busca constantemente conex\u00e3o com outras organiza\u00e7\u00f5es sociais e com o poder p\u00fablico em todo o territ\u00f3rio nacional. Sabe que somente por meio da uni\u00e3o de esfor\u00e7os ser\u00e1 poss\u00edvel construir o pa\u00eds que desejamos.<\/em><\/p>\n<\/div><\/div>\n\n\n\n<p>A PAULUS desenvolve Programas e Servi\u00e7os espec\u00edficos na Assist\u00eancia Social e Educa\u00e7\u00e3o. Realiza nacionalmente o\u00a0<strong>Programa de Assessoramento, Defesa e Garantia de Direitos<\/strong>\u00a0(conforme Resolu\u00e7\u00e3o CNAS 27 de 19\/09\/2011). Al\u00e9m disso, na cidade de S\u00e3o Paulo e regi\u00e3o metropolitana, realiza atendimentos por meio dos\u00a0<strong>Servi\u00e7os de Conviv\u00eancia e Fortalecimento de V\u00ednculos<\/strong>\u00a0(Conforme Resolu\u00e7\u00e3o CNAS 109 de 11\/11\/2009). Na \u00e1rea da Educa\u00e7\u00e3o Superior, concede bolsas de estudo pelo\u00a0<strong>ProUni\u00a0<\/strong>(integral e parcial de 50%, conforme Lei n\u00ba 11.096 de 13\/01\/2005) atrav\u00e9s da Faculdade PAULUS de Tecnologia e Comunica\u00e7\u00e3o \u2013 FAPCOM. Mant\u00e9m todas as atividades de forma gratuita, permanente, cont\u00ednua e planejada; cumprindo assim com os preceitos institu\u00eddos na legisla\u00e7\u00e3o vigente.<\/p>\n","protected":false},"excerpt":{"rendered":"<p>A Pia Sociedade de S\u00e3o Paulo (PAULUS), entidade beneficente de Assist\u00eancia Social e Educa\u00e7\u00e3o, foi fundada na It\u00e1lia em 1914 pelo padre Tiago Alberione. No Brasil, foi institu\u00edda em 20 de agosto de 1931, na cidade de S\u00e3o Paulo\/SP. Seguindo sua voca\u00e7\u00e3o hist\u00f3rica e conforme definido em seu estatuto, a PAULUS se estabelece como uma [&hellip;]<\/p>\n","protected":false},"author":1,"featured_media":0,"parent":0,"menu_order":0,"comment_status":"closed","ping_status":"closed","template":"","meta":{"_acf_changed":false,"_themeisle_gutenberg_block_has_review":false,"footnotes":""},"class_list":["post-5728","page","type-page","status-publish","hentry"],"acf":[],"_links":{"self":[{"href":"https:\/\/www.paulus.com.br\/assistencia-social\/wp-json\/wp\/v2\/pages\/5728","targetHints":{"allow":["GET"]}}],"collection":[{"href":"https:\/\/www.paulus.com.br\/assistencia-social\/wp-json\/wp\/v2\/pages"}],"about":[{"href":"https:\/\/www.paulus.com.br\/assistencia-social\/wp-json\/wp\/v2\/types\/page"}],"author":[{"embeddable":true,"href":"https:\/\/www.paulus.com.br\/assistencia-social\/wp-json\/wp\/v2\/users\/1"}],"replies":[{"embeddable":true,"href":"https:\/\/www.paulus.com.br\/assistencia-social\/wp-json\/wp\/v2\/comments?post=5728"}],"version-history":[{"count":8,"href":"https:\/\/www.paulus.com.br\/assistencia-social\/wp-json\/wp\/v2\/pages\/5728\/revisions"}],"predecessor-version":[{"id":5987,"href":"https:\/\/www.paulus.com.br\/assistencia-social\/wp-json\/wp\/v2\/pages\/5728\/revisions\/5987"}],"wp:attachment":[{"href":"https:\/\/www.paulus.com.br\/assistencia-social\/wp-json\/wp\/v2\/media?parent=5728"}],"curies":[{"name":"wp","href":"https:\/\/api.w.org\/{rel}","templated":true}]}}